{"id":32514,"date":"2025-11-12T07:01:18","date_gmt":"2025-11-12T05:01:18","guid":{"rendered":"https:\/\/www.nordi.ee\/toode\/soogilaud-marven-varv-pind-valge-marmor-jalad-mustad\/"},"modified":"2026-04-13T05:15:29","modified_gmt":"2026-04-13T02:15:29","slug":"soogilaud-marven-valge-marmor","status":"publish","type":"product","link":"https:\/\/www.nordi.ee\/en\/toode\/soogilaud-marven-valge-marmor\/","title":{"rendered":"S\u00f6\u00f6gilaud MARVEN, valge marmor"},"content":{"rendered":"<p>m\u00f5\u00f5tmed: 120\/70\/77 cm, materjal: sinter \/ lakitud MDF \/ pulberkattega teras, v\u00e4rv: pealmine &#8211; valge marmor, jalad &#8211; must.<\/p>\n","protected":false},"excerpt":{"rendered":"<p>m\u00f5\u00f5tmed: 120\/70\/77 cm, materjal: sinter \/ lakitud MDF \/ pulberkattega teras, v\u00e4rv: pealmine &#8211; valge marmor, jalad &#8211; must.<\/p>\n","protected":false},"featured_media":15741,"comment_status":"closed","ping_status":"closed","template":"","meta":{"_gspb_post_css":""},"product_brand":[],"product_cat":[190,167],"product_tag":[],"class_list":{"0":"post-32514","1":"product","2":"type-product","3":"status-publish","4":"has-post-thumbnail","6":"product_cat-soogilauad","7":"product_cat-soogituba","8":"pa_jalgade-arv-289","9":"pa_korgus-505","10":"pa_laius-427","11":"pa_laua-suurus-4-person","12":"pa_laua-varvus-valge","13":"pa_laua-viimistlus-matt","14":"pa_lauaplaadi-kuju-ristkulikukujuline","15":"pa_lauaplaadi-materjal-lakitud-mdf","16":"pa_pakkide-arv-295","17":"pa_pikendatav-ei","18":"pa_raami-materjal-metall","19":"pa_stiil-glamuurne","20":"pa_stiil-kaasaegne","21":"pa_sugavus-1832","22":"pa_vahelaos-jah","23":"pa_varv-must","24":"pa_varv-valge","26":"first","27":"instock","28":"sale","29":"purchasable","30":"product-type-simple"},"_links":{"self":[{"href":"https:\/\/www.nordi.ee\/en\/wp-json\/wp\/v2\/product\/32514","targetHints":{"allow":["GET"]}}],"collection":[{"href":"https:\/\/www.nordi.ee\/en\/wp-json\/wp\/v2\/product"}],"about":[{"href":"https:\/\/www.nordi.ee\/en\/wp-json\/wp\/v2\/types\/product"}],"replies":[{"embeddable":true,"href":"https:\/\/www.nordi.ee\/en\/wp-json\/wp\/v2\/comments?post=32514"}],"wp:featuredmedia":[{"embeddable":true,"href":"https:\/\/www.nordi.ee\/en\/wp-json\/wp\/v2\/media\/15741"}],"wp:attachment":[{"href":"https:\/\/www.nordi.ee\/en\/wp-json\/wp\/v2\/media?parent=32514"}],"wp:term":[{"taxonomy":"product_brand","embeddable":true,"href":"https:\/\/www.nordi.ee\/en\/wp-json\/wp\/v2\/product_brand?post=32514"},{"taxonomy":"product_cat","embeddable":true,"href":"https:\/\/www.nordi.ee\/en\/wp-json\/wp\/v2\/product_cat?post=32514"},{"taxonomy":"product_tag","embeddable":true,"href":"https:\/\/www.nordi.ee\/en\/wp-json\/wp\/v2\/product_tag?post=32514"}],"curies":[{"name":"wp","href":"https:\/\/api.w.org\/{rel}","templated":true}]}}