{"id":32406,"date":"2025-11-12T01:36:30","date_gmt":"2025-11-11T23:36:30","guid":{"rendered":"https:\/\/www.nordi.ee\/toode\/umar-soogilaud-orven\/"},"modified":"2026-04-13T05:15:13","modified_gmt":"2026-04-13T02:15:13","slug":"umar-soogilaud-orven","status":"publish","type":"product","link":"https:\/\/www.nordi.ee\/en\/toode\/umar-soogilaud-orven\/","title":{"rendered":"\u00dcmar s\u00f6\u00f6gilaud ORVEN"},"content":{"rendered":"<p>m\u00f5\u00f5tmed: O120\/76 cm, materjal: klaas \/ v\u00e4rvitud teras, v\u00e4rv: pealmine &#8211; pruun, jalad &#8211; antiikne kuld<\/p>\n","protected":false},"excerpt":{"rendered":"<p>m\u00f5\u00f5tmed: O120\/76 cm, materjal: klaas \/ v\u00e4rvitud teras, v\u00e4rv: pealmine &#8211; pruun, jalad &#8211; antiikne kuld<\/p>\n","protected":false},"featured_media":15677,"comment_status":"closed","ping_status":"open","template":"","meta":{"_gspb_post_css":""},"product_brand":[],"product_cat":[190,167],"product_tag":[],"class_list":{"0":"post-32406","1":"product","2":"type-product","3":"status-publish","4":"has-post-thumbnail","6":"product_cat-soogilauad","7":"product_cat-soogituba","8":"pa_jalgade-arv-289","9":"pa_korgus-406","10":"pa_laius-286","11":"pa_laua-suurus-6-person","12":"pa_laua-varvus-labipaistev-klaas","13":"pa_laua-viimistlus-laikiv","14":"pa_lauaplaadi-kuju-ummargune","15":"pa_lauaplaadi-materjal-klaas","16":"pa_pakkide-arv-295","17":"pa_pikendatav-ei","18":"pa_raami-materjal-metall","19":"pa_stiil-glamuur","20":"pa_stiil-moodne","21":"pa_sugavus-1832","22":"pa_vahelaos-jah","23":"pa_varv-kuldne","24":"pa_varv-pruun","26":"first","27":"instock","28":"sale","29":"purchasable","30":"product-type-simple"},"_links":{"self":[{"href":"https:\/\/www.nordi.ee\/en\/wp-json\/wp\/v2\/product\/32406","targetHints":{"allow":["GET"]}}],"collection":[{"href":"https:\/\/www.nordi.ee\/en\/wp-json\/wp\/v2\/product"}],"about":[{"href":"https:\/\/www.nordi.ee\/en\/wp-json\/wp\/v2\/types\/product"}],"replies":[{"embeddable":true,"href":"https:\/\/www.nordi.ee\/en\/wp-json\/wp\/v2\/comments?post=32406"}],"wp:featuredmedia":[{"embeddable":true,"href":"https:\/\/www.nordi.ee\/en\/wp-json\/wp\/v2\/media\/15677"}],"wp:attachment":[{"href":"https:\/\/www.nordi.ee\/en\/wp-json\/wp\/v2\/media?parent=32406"}],"wp:term":[{"taxonomy":"product_brand","embeddable":true,"href":"https:\/\/www.nordi.ee\/en\/wp-json\/wp\/v2\/product_brand?post=32406"},{"taxonomy":"product_cat","embeddable":true,"href":"https:\/\/www.nordi.ee\/en\/wp-json\/wp\/v2\/product_cat?post=32406"},{"taxonomy":"product_tag","embeddable":true,"href":"https:\/\/www.nordi.ee\/en\/wp-json\/wp\/v2\/product_tag?post=32406"}],"curies":[{"name":"wp","href":"https:\/\/api.w.org\/{rel}","templated":true}]}}