{"id":32356,"date":"2025-11-12T01:34:37","date_gmt":"2025-11-11T23:34:37","guid":{"rendered":"https:\/\/www.nordi.ee\/toode\/soogilaud-joren-must-marmor-pahklipuu\/"},"modified":"2026-04-13T05:15:09","modified_gmt":"2026-04-13T02:15:09","slug":"soogilaud-joren-must-marmor-pahklipuu","status":"publish","type":"product","link":"https:\/\/www.nordi.ee\/en\/toode\/soogilaud-joren-must-marmor-pahklipuu\/","title":{"rendered":"S\u00f6\u00f6gilaud JOREN, must marmor \/ p\u00e4hklipuu"},"content":{"rendered":"<p>m\u00f5\u00f5tmed: 140-200\/82\/76 cm, pikendatav laud, materjal: sintered stone \/ pulberv\u00e4rvitud teras, v\u00e4rv: pind &#8211; must marmor, jalad &#8211; p\u00e4hkel<\/p>\n","protected":false},"excerpt":{"rendered":"<p>m\u00f5\u00f5tmed: 140-200\/82\/76 cm, pikendatav laud, materjal: sintered stone \/ pulberv\u00e4rvitud teras, v\u00e4rv: pind &#8211; must marmor, jalad &#8211; p\u00e4hkel<\/p>\n","protected":false},"featured_media":15659,"comment_status":"closed","ping_status":"open","template":"","meta":{"_gspb_post_css":""},"product_brand":[],"product_cat":[190,167],"product_tag":[],"class_list":{"0":"post-32356","1":"product","2":"type-product","3":"status-publish","4":"has-post-thumbnail","6":"product_cat-soogilauad","7":"product_cat-soogituba","8":"pa_jalgade-arv-289","9":"pa_korgus-406","10":"pa_laius-1257","11":"pa_laua-suurus-8-person-4-person","12":"pa_laua-varvus-must-marmor","13":"pa_laua-viimistlus-matt","14":"pa_lauaplaadi-kuju-ristkulikukujuline","15":"pa_lauaplaadi-materjal-sinter","16":"pa_maximum-pikkus-4207","17":"pa_pakkide-arv-295","18":"pa_pikendatav-jah","19":"pa_raami-materjal-metall","20":"pa_stiil-kaasaegne","21":"pa_sugavus-4088","22":"pa_vahelaos-jah","23":"pa_varv-marmor","25":"first","26":"instock","27":"sale","28":"purchasable","29":"product-type-simple"},"_links":{"self":[{"href":"https:\/\/www.nordi.ee\/en\/wp-json\/wp\/v2\/product\/32356","targetHints":{"allow":["GET"]}}],"collection":[{"href":"https:\/\/www.nordi.ee\/en\/wp-json\/wp\/v2\/product"}],"about":[{"href":"https:\/\/www.nordi.ee\/en\/wp-json\/wp\/v2\/types\/product"}],"replies":[{"embeddable":true,"href":"https:\/\/www.nordi.ee\/en\/wp-json\/wp\/v2\/comments?post=32356"}],"wp:featuredmedia":[{"embeddable":true,"href":"https:\/\/www.nordi.ee\/en\/wp-json\/wp\/v2\/media\/15659"}],"wp:attachment":[{"href":"https:\/\/www.nordi.ee\/en\/wp-json\/wp\/v2\/media?parent=32356"}],"wp:term":[{"taxonomy":"product_brand","embeddable":true,"href":"https:\/\/www.nordi.ee\/en\/wp-json\/wp\/v2\/product_brand?post=32356"},{"taxonomy":"product_cat","embeddable":true,"href":"https:\/\/www.nordi.ee\/en\/wp-json\/wp\/v2\/product_cat?post=32356"},{"taxonomy":"product_tag","embeddable":true,"href":"https:\/\/www.nordi.ee\/en\/wp-json\/wp\/v2\/product_tag?post=32356"}],"curies":[{"name":"wp","href":"https:\/\/api.w.org\/{rel}","templated":true}]}}