{"id":32301,"date":"2025-11-12T01:32:59","date_gmt":"2025-11-11T23:32:59","guid":{"rendered":"https:\/\/www.nordi.ee\/toode\/soogilaud-brynor\/"},"modified":"2026-04-13T05:15:04","modified_gmt":"2026-04-13T02:15:04","slug":"soogilaud-brynor","status":"publish","type":"product","link":"https:\/\/www.nordi.ee\/en\/toode\/soogilaud-brynor\/","title":{"rendered":"S\u00f6\u00f6gilaud BRYNOR"},"content":{"rendered":"<p>m\u00f5\u00f5tmed: o120\/78\/56 cm, materjal: laminaat MDF \/ pulberkattega teras, v\u00e4rv: pind &#8211; kuldne tamm, jalad &#8211; must<\/p>\n","protected":false},"excerpt":{"rendered":"<p>m\u00f5\u00f5tmed: o120\/78\/56 cm, materjal: laminaat MDF \/ pulberkattega teras, v\u00e4rv: pind &#8211; kuldne tamm, jalad &#8211; must<\/p>\n","protected":false},"featured_media":15631,"comment_status":"closed","ping_status":"open","template":"","meta":{"_gspb_post_css":""},"product_brand":[],"product_cat":[190,167],"product_tag":[],"class_list":{"0":"post-32301","1":"product","2":"type-product","3":"status-publish","4":"has-post-thumbnail","6":"product_cat-soogilauad","7":"product_cat-soogituba","8":"pa_jalgade-arv-4-1","9":"pa_korgus-766","10":"pa_laius-286","11":"pa_laua-suurus-5-person","12":"pa_laua-varvus-tamm","13":"pa_lauaplaadi-kuju-ummargune","14":"pa_lauaplaadi-materjal-lamiiniga-kaetud-mdf","15":"pa_pakkide-arv-295","16":"pa_pikendatav-ei","17":"pa_raami-materjal-metall","18":"pa_stiil-loft","19":"pa_stiil-modernne","20":"pa_sugavus-1832","21":"pa_vahelaos-ei","22":"pa_varv-must","23":"pa_varv-tamm","25":"first","26":"instock","27":"sale","28":"purchasable","29":"product-type-simple"},"_links":{"self":[{"href":"https:\/\/www.nordi.ee\/en\/wp-json\/wp\/v2\/product\/32301","targetHints":{"allow":["GET"]}}],"collection":[{"href":"https:\/\/www.nordi.ee\/en\/wp-json\/wp\/v2\/product"}],"about":[{"href":"https:\/\/www.nordi.ee\/en\/wp-json\/wp\/v2\/types\/product"}],"replies":[{"embeddable":true,"href":"https:\/\/www.nordi.ee\/en\/wp-json\/wp\/v2\/comments?post=32301"}],"wp:featuredmedia":[{"embeddable":true,"href":"https:\/\/www.nordi.ee\/en\/wp-json\/wp\/v2\/media\/15631"}],"wp:attachment":[{"href":"https:\/\/www.nordi.ee\/en\/wp-json\/wp\/v2\/media?parent=32301"}],"wp:term":[{"taxonomy":"product_brand","embeddable":true,"href":"https:\/\/www.nordi.ee\/en\/wp-json\/wp\/v2\/product_brand?post=32301"},{"taxonomy":"product_cat","embeddable":true,"href":"https:\/\/www.nordi.ee\/en\/wp-json\/wp\/v2\/product_cat?post=32301"},{"taxonomy":"product_tag","embeddable":true,"href":"https:\/\/www.nordi.ee\/en\/wp-json\/wp\/v2\/product_tag?post=32301"}],"curies":[{"name":"wp","href":"https:\/\/api.w.org\/{rel}","templated":true}]}}