{"id":32249,"date":"2025-11-12T01:29:54","date_gmt":"2025-11-11T23:29:54","guid":{"rendered":"https:\/\/www.nordi.ee\/toode\/soogilaud-urvis\/"},"modified":"2026-04-13T05:14:58","modified_gmt":"2026-04-13T02:14:58","slug":"soogilaud-urvis","status":"publish","type":"product","link":"https:\/\/www.nordi.ee\/en\/toode\/soogilaud-urvis\/","title":{"rendered":"S\u00f6\u00f6gilaud URVIS"},"content":{"rendered":"<p>m\u00f5\u00f5tmed: \u00d8120\/75 cm, materjal: klaas \/ kroomteras, v\u00e4rv: pinda &#8211; l\u00e4bipaistev, jalad &#8211; kuldne<\/p>\n","protected":false},"excerpt":{"rendered":"<p>m\u00f5\u00f5tmed: \u00d8120\/75 cm, materjal: klaas \/ kroomteras, v\u00e4rv: pinda &#8211; l\u00e4bipaistev, jalad &#8211; kuldne<\/p>\n","protected":false},"featured_media":15603,"comment_status":"closed","ping_status":"open","template":"","meta":{"_gspb_post_css":""},"product_brand":[],"product_cat":[190,167],"product_tag":[],"class_list":{"0":"post-32249","1":"product","2":"type-product","3":"status-publish","4":"has-post-thumbnail","6":"product_cat-soogilauad","7":"product_cat-soogituba","8":"pa_jalgade-arv-494","9":"pa_korgus-287","10":"pa_laius-286","11":"pa_laua-suurus-5-person","12":"pa_laua-varvus-labipaistev-klaas","13":"pa_laua-viimistlus-laikiv","14":"pa_lauaplaadi-kuju-ummargune","15":"pa_lauaplaadi-materjal-klaas","16":"pa_pakkide-arv-295","17":"pa_pikendatav-ei","18":"pa_raami-materjal-metall","19":"pa_stiil-glamuur","20":"pa_stiil-moodne","21":"pa_sugavus-1832","22":"pa_vahelaos-jah","23":"pa_varv-kuldne","25":"first","26":"instock","27":"sale","28":"purchasable","29":"product-type-simple"},"_links":{"self":[{"href":"https:\/\/www.nordi.ee\/en\/wp-json\/wp\/v2\/product\/32249","targetHints":{"allow":["GET"]}}],"collection":[{"href":"https:\/\/www.nordi.ee\/en\/wp-json\/wp\/v2\/product"}],"about":[{"href":"https:\/\/www.nordi.ee\/en\/wp-json\/wp\/v2\/types\/product"}],"replies":[{"embeddable":true,"href":"https:\/\/www.nordi.ee\/en\/wp-json\/wp\/v2\/comments?post=32249"}],"wp:featuredmedia":[{"embeddable":true,"href":"https:\/\/www.nordi.ee\/en\/wp-json\/wp\/v2\/media\/15603"}],"wp:attachment":[{"href":"https:\/\/www.nordi.ee\/en\/wp-json\/wp\/v2\/media?parent=32249"}],"wp:term":[{"taxonomy":"product_brand","embeddable":true,"href":"https:\/\/www.nordi.ee\/en\/wp-json\/wp\/v2\/product_brand?post=32249"},{"taxonomy":"product_cat","embeddable":true,"href":"https:\/\/www.nordi.ee\/en\/wp-json\/wp\/v2\/product_cat?post=32249"},{"taxonomy":"product_tag","embeddable":true,"href":"https:\/\/www.nordi.ee\/en\/wp-json\/wp\/v2\/product_tag?post=32249"}],"curies":[{"name":"wp","href":"https:\/\/api.w.org\/{rel}","templated":true}]}}