{"id":32207,"date":"2025-11-12T01:28:08","date_gmt":"2025-11-11T23:28:08","guid":{"rendered":"https:\/\/www.nordi.ee\/toode\/ookapp-prinor-hall\/"},"modified":"2026-04-13T05:14:52","modified_gmt":"2026-04-13T02:14:52","slug":"ookapp-prinor-hall","status":"publish","type":"product","link":"https:\/\/www.nordi.ee\/en\/toode\/ookapp-prinor-hall\/","title":{"rendered":"\u00d6\u00f6kapp PRINOR, hall"},"content":{"rendered":"<p>m\u00f5\u00f5tmed: 50\/40\/42 cm, materjal: kangas, v\u00e4rvid: hall<\/p>\n","protected":false},"excerpt":{"rendered":"<p>m\u00f5\u00f5tmed: 50\/40\/42 cm, materjal: kangas, v\u00e4rvid: hall<\/p>\n","protected":false},"featured_media":15574,"comment_status":"closed","ping_status":"open","template":"","meta":{"_gspb_post_css":""},"product_brand":[],"product_cat":[166,199],"product_tag":[],"class_list":{"0":"post-32207","1":"product","2":"type-product","3":"status-publish","4":"has-post-thumbnail","6":"product_cat-magamistuba","7":"product_cat-ookapid","8":"pa_kanga-tuup-kangas","9":"pa_kanga-varv-hall","10":"pa_korgus-422","11":"pa_laius-572","12":"pa_pakkide-arv-226","13":"pa_sobiv-madratsi-suurus-brak-opcji","14":"pa_stiil-klassikaline","15":"pa_stiil-modernne","16":"pa_stiil-skandinaavia","17":"pa_sugavus-705","18":"pa_vahelaos-jah","19":"pa_varv-hall","20":"pa_voodituup-polsterdatud","22":"first","23":"instock","24":"sale","25":"purchasable","26":"product-type-simple"},"_links":{"self":[{"href":"https:\/\/www.nordi.ee\/en\/wp-json\/wp\/v2\/product\/32207","targetHints":{"allow":["GET"]}}],"collection":[{"href":"https:\/\/www.nordi.ee\/en\/wp-json\/wp\/v2\/product"}],"about":[{"href":"https:\/\/www.nordi.ee\/en\/wp-json\/wp\/v2\/types\/product"}],"replies":[{"embeddable":true,"href":"https:\/\/www.nordi.ee\/en\/wp-json\/wp\/v2\/comments?post=32207"}],"wp:featuredmedia":[{"embeddable":true,"href":"https:\/\/www.nordi.ee\/en\/wp-json\/wp\/v2\/media\/15574"}],"wp:attachment":[{"href":"https:\/\/www.nordi.ee\/en\/wp-json\/wp\/v2\/media?parent=32207"}],"wp:term":[{"taxonomy":"product_brand","embeddable":true,"href":"https:\/\/www.nordi.ee\/en\/wp-json\/wp\/v2\/product_brand?post=32207"},{"taxonomy":"product_cat","embeddable":true,"href":"https:\/\/www.nordi.ee\/en\/wp-json\/wp\/v2\/product_cat?post=32207"},{"taxonomy":"product_tag","embeddable":true,"href":"https:\/\/www.nordi.ee\/en\/wp-json\/wp\/v2\/product_tag?post=32207"}],"curies":[{"name":"wp","href":"https:\/\/api.w.org\/{rel}","templated":true}]}}