{"id":32183,"date":"2025-11-12T01:25:17","date_gmt":"2025-11-11T23:25:17","guid":{"rendered":"https:\/\/www.nordi.ee\/toode\/diivanilaud-jaxton-pahklipuu\/"},"modified":"2026-04-13T05:14:49","modified_gmt":"2026-04-13T02:14:49","slug":"diivanilaud-jaxton-pahklipuu","status":"publish","type":"product","link":"https:\/\/www.nordi.ee\/en\/toode\/diivanilaud-jaxton-pahklipuu\/","title":{"rendered":"Kohvilaud JAXTON, p\u00e4hkel"},"content":{"rendered":"<p>m\u00f5\u00f5tmed: 110\/60\/43 cm, materjal: laminaat MDF \/ pulberkattega teras, v\u00e4rv: p\u00e4hklipuit \/ must<\/p>\n","protected":false},"excerpt":{"rendered":"<p>m\u00f5\u00f5tmed: 110\/60\/43 cm, materjal: laminaat MDF \/ pulberkattega teras, v\u00e4rv: p\u00e4hklipuit \/ must<\/p>\n","protected":false},"featured_media":15550,"comment_status":"closed","ping_status":"closed","template":"","meta":{"_gspb_post_css":""},"product_brand":[],"product_cat":[178,165],"product_tag":[],"class_list":{"0":"post-32183","1":"product","2":"type-product","3":"status-publish","4":"has-post-thumbnail","6":"product_cat-diivanilauad","7":"product_cat-elutuba","8":"pa_korgus-824","9":"pa_laius-310","10":"pa_laua-varvus-pahkel","11":"pa_laua-viimistlus-matt","12":"pa_lauaplaadi-kuju-ristkulikukujuline","13":"pa_lauaplaadi-materjal-lamiiniga-kaetud-mdf","14":"pa_pakkide-arv-226","15":"pa_raami-materjal-metall","16":"pa_raami-varv-must","17":"pa_stiil-loft","18":"pa_stiil-traditsiooniline","19":"pa_sugavus-1482","20":"pa_vahelaos-jah","21":"pa_varv-must","22":"pa_varv-pahkel","24":"first","25":"instock","26":"sale","27":"purchasable","28":"product-type-simple"},"_links":{"self":[{"href":"https:\/\/www.nordi.ee\/en\/wp-json\/wp\/v2\/product\/32183","targetHints":{"allow":["GET"]}}],"collection":[{"href":"https:\/\/www.nordi.ee\/en\/wp-json\/wp\/v2\/product"}],"about":[{"href":"https:\/\/www.nordi.ee\/en\/wp-json\/wp\/v2\/types\/product"}],"replies":[{"embeddable":true,"href":"https:\/\/www.nordi.ee\/en\/wp-json\/wp\/v2\/comments?post=32183"}],"wp:featuredmedia":[{"embeddable":true,"href":"https:\/\/www.nordi.ee\/en\/wp-json\/wp\/v2\/media\/15550"}],"wp:attachment":[{"href":"https:\/\/www.nordi.ee\/en\/wp-json\/wp\/v2\/media?parent=32183"}],"wp:term":[{"taxonomy":"product_brand","embeddable":true,"href":"https:\/\/www.nordi.ee\/en\/wp-json\/wp\/v2\/product_brand?post=32183"},{"taxonomy":"product_cat","embeddable":true,"href":"https:\/\/www.nordi.ee\/en\/wp-json\/wp\/v2\/product_cat?post=32183"},{"taxonomy":"product_tag","embeddable":true,"href":"https:\/\/www.nordi.ee\/en\/wp-json\/wp\/v2\/product_tag?post=32183"}],"curies":[{"name":"wp","href":"https:\/\/api.w.org\/{rel}","templated":true}]}}