{"id":32168,"date":"2025-11-12T01:25:17","date_gmt":"2025-11-11T23:25:17","guid":{"rendered":"https:\/\/www.nordi.ee\/toode\/soogilaud-halver\/"},"modified":"2026-04-21T05:09:12","modified_gmt":"2026-04-21T02:09:12","slug":"soogilaud-halver","status":"publish","type":"product","link":"https:\/\/www.nordi.ee\/en\/toode\/soogilaud-halver\/","title":{"rendered":"S\u00f6\u00f6gilaud HALVER"},"content":{"rendered":"<p>m\u00f5\u00f5tmed: 120\/80\/77 cm, materjal: laminaat MDF \/ pulberkattega teras, v\u00e4rv: pealne &#8211; naturaalse tamme, jalad &#8211; must<\/p>\n","protected":false},"excerpt":{"rendered":"<p>m\u00f5\u00f5tmed: 120\/80\/77 cm, materjal: laminaat MDF \/ pulberkattega teras, v\u00e4rv: pealne &#8211; naturaalse tamme, jalad &#8211; must<\/p>\n","protected":false},"featured_media":15542,"comment_status":"closed","ping_status":"open","template":"","meta":{"_gspb_post_css":""},"product_brand":[],"product_cat":[190,167],"product_tag":[],"class_list":{"0":"post-32168","1":"product","2":"type-product","3":"status-publish","4":"has-post-thumbnail","6":"product_cat-soogilauad","7":"product_cat-soogituba","8":"pa_jalgade-arv-289","9":"pa_korgus-505","10":"pa_laius-353","11":"pa_laua-suurus-4-person","12":"pa_laua-varvus-tamm","13":"pa_laua-viimistlus-matt","14":"pa_lauaplaadi-kuju-ristkulikukujuline","15":"pa_lauaplaadi-materjal-lamiiniga-kaetud-mdf","16":"pa_pakkide-arv-295","17":"pa_pikendatav-ei","18":"pa_raami-materjal-metall","19":"pa_stiil-loft","20":"pa_sugavus-1832","21":"pa_vahelaos-jah","22":"pa_varv-tamm","23":"pa_varv-must","25":"first","26":"instock","27":"sale","28":"purchasable","29":"product-type-simple"},"ct_brands":[],"_links":{"self":[{"href":"https:\/\/www.nordi.ee\/en\/wp-json\/wp\/v2\/product\/32168","targetHints":{"allow":["GET"]}}],"collection":[{"href":"https:\/\/www.nordi.ee\/en\/wp-json\/wp\/v2\/product"}],"about":[{"href":"https:\/\/www.nordi.ee\/en\/wp-json\/wp\/v2\/types\/product"}],"replies":[{"embeddable":true,"href":"https:\/\/www.nordi.ee\/en\/wp-json\/wp\/v2\/comments?post=32168"}],"wp:featuredmedia":[{"embeddable":true,"href":"https:\/\/www.nordi.ee\/en\/wp-json\/wp\/v2\/media\/15542"}],"wp:attachment":[{"href":"https:\/\/www.nordi.ee\/en\/wp-json\/wp\/v2\/media?parent=32168"}],"wp:term":[{"taxonomy":"product_brand","embeddable":true,"href":"https:\/\/www.nordi.ee\/en\/wp-json\/wp\/v2\/product_brand?post=32168"},{"taxonomy":"product_cat","embeddable":true,"href":"https:\/\/www.nordi.ee\/en\/wp-json\/wp\/v2\/product_cat?post=32168"},{"taxonomy":"product_tag","embeddable":true,"href":"https:\/\/www.nordi.ee\/en\/wp-json\/wp\/v2\/product_tag?post=32168"}],"curies":[{"name":"wp","href":"https:\/\/api.w.org\/{rel}","templated":true}]}}