{"id":32150,"date":"2025-11-12T01:24:41","date_gmt":"2025-11-11T23:24:41","guid":{"rendered":"https:\/\/www.nordi.ee\/toode\/soogilaua-komplekt-elmor-wenge\/"},"modified":"2026-04-13T05:14:46","modified_gmt":"2026-04-13T02:14:46","slug":"soogilaua-komplekt-elmor-wenge","status":"publish","type":"product","link":"https:\/\/www.nordi.ee\/en\/toode\/soogilaua-komplekt-elmor-wenge\/","title":{"rendered":"S\u00f6\u00f6gilaua komplekt  ELMOR, wenge"},"content":{"rendered":"<p>laua m\u00f5\u00f5dud: 82\/50\/75 cm, materjal: laua pind ja toolide istmed &#8211; laminaat MDF, raamid &#8211; pulberkattega teras, v\u00e4rv: wenge<\/p>\n","protected":false},"excerpt":{"rendered":"<p>laua m\u00f5\u00f5dud: 82\/50\/75 cm, materjal: laua pind ja toolide istmed &#8211; laminaat MDF, raamid &#8211; pulberkattega teras, v\u00e4rv: wenge<\/p>\n","protected":false},"featured_media":15532,"comment_status":"closed","ping_status":"open","template":"","meta":{"_gspb_post_css":""},"product_brand":[],"product_cat":[211,167],"product_tag":[],"class_list":{"0":"post-32150","1":"product","2":"type-product","3":"status-publish","4":"has-post-thumbnail","6":"product_cat-soogilaua-komplektid","7":"product_cat-soogituba","8":"pa_korgus-287","9":"pa_laius-300","10":"pa_materjal-lamiiniga-kaetud-mdf","11":"pa_pakkide-arv-226","12":"pa_raami-materjal-metall","13":"pa_raami-varv-hobedane","14":"pa_stiil-traditsiooniline","15":"pa_sugavus-1234","16":"pa_vahelaos-jah","17":"pa_varv-tumepruun","19":"first","20":"instock","21":"sale","22":"purchasable","23":"product-type-simple"},"_links":{"self":[{"href":"https:\/\/www.nordi.ee\/en\/wp-json\/wp\/v2\/product\/32150","targetHints":{"allow":["GET"]}}],"collection":[{"href":"https:\/\/www.nordi.ee\/en\/wp-json\/wp\/v2\/product"}],"about":[{"href":"https:\/\/www.nordi.ee\/en\/wp-json\/wp\/v2\/types\/product"}],"replies":[{"embeddable":true,"href":"https:\/\/www.nordi.ee\/en\/wp-json\/wp\/v2\/comments?post=32150"}],"wp:featuredmedia":[{"embeddable":true,"href":"https:\/\/www.nordi.ee\/en\/wp-json\/wp\/v2\/media\/15532"}],"wp:attachment":[{"href":"https:\/\/www.nordi.ee\/en\/wp-json\/wp\/v2\/media?parent=32150"}],"wp:term":[{"taxonomy":"product_brand","embeddable":true,"href":"https:\/\/www.nordi.ee\/en\/wp-json\/wp\/v2\/product_brand?post=32150"},{"taxonomy":"product_cat","embeddable":true,"href":"https:\/\/www.nordi.ee\/en\/wp-json\/wp\/v2\/product_cat?post=32150"},{"taxonomy":"product_tag","embeddable":true,"href":"https:\/\/www.nordi.ee\/en\/wp-json\/wp\/v2\/product_tag?post=32150"}],"curies":[{"name":"wp","href":"https:\/\/api.w.org\/{rel}","templated":true}]}}