{"id":32149,"date":"2025-11-12T01:24:41","date_gmt":"2025-11-11T23:24:41","guid":{"rendered":"https:\/\/www.nordi.ee\/toode\/soogilaud-komplekt-dunton\/"},"modified":"2026-04-13T05:14:45","modified_gmt":"2026-04-13T02:14:45","slug":"soogilaud-komplekt-dunton","status":"publish","type":"product","link":"https:\/\/www.nordi.ee\/en\/toode\/soogilaud-komplekt-dunton\/","title":{"rendered":"S\u00f6\u00f6gilaud komplekt DUNTON,"},"content":{"rendered":"<p>laua m\u00f5\u00f5tmed: 82\/50\/75 cm, materjal: laua tasapind ja toolide istmed &#8211; laminaat MDF, raamid &#8211; pulberv\u00e4rvitud teras, v\u00e4rv: sonoma tamm.<\/p>\n","protected":false},"excerpt":{"rendered":"<p>laua m\u00f5\u00f5tmed: 82\/50\/75 cm, materjal: laua tasapind ja toolide istmed &#8211; laminaat MDF, raamid &#8211; pulberv\u00e4rvitud teras, v\u00e4rv: sonoma tamm.<\/p>\n","protected":false},"featured_media":15530,"comment_status":"closed","ping_status":"open","template":"","meta":{"_gspb_post_css":""},"product_brand":[],"product_cat":[211,167],"product_tag":[],"class_list":{"0":"post-32149","1":"product","2":"type-product","3":"status-publish","4":"has-post-thumbnail","6":"product_cat-soogilaua-komplektid","7":"product_cat-soogituba","8":"pa_korgus-287","9":"pa_laius-300","10":"pa_materjal-lamiiniga-kaetud-mdf","11":"pa_pakkide-arv-226","12":"pa_raami-materjal-metall","13":"pa_raami-varv-hobedane","14":"pa_stiil-traditsiooniline","15":"pa_sugavus-1234","16":"pa_vahelaos-ei","17":"pa_varv-tamm","19":"first","20":"instock","21":"sale","22":"purchasable","23":"product-type-simple"},"_links":{"self":[{"href":"https:\/\/www.nordi.ee\/en\/wp-json\/wp\/v2\/product\/32149","targetHints":{"allow":["GET"]}}],"collection":[{"href":"https:\/\/www.nordi.ee\/en\/wp-json\/wp\/v2\/product"}],"about":[{"href":"https:\/\/www.nordi.ee\/en\/wp-json\/wp\/v2\/types\/product"}],"replies":[{"embeddable":true,"href":"https:\/\/www.nordi.ee\/en\/wp-json\/wp\/v2\/comments?post=32149"}],"wp:featuredmedia":[{"embeddable":true,"href":"https:\/\/www.nordi.ee\/en\/wp-json\/wp\/v2\/media\/15530"}],"wp:attachment":[{"href":"https:\/\/www.nordi.ee\/en\/wp-json\/wp\/v2\/media?parent=32149"}],"wp:term":[{"taxonomy":"product_brand","embeddable":true,"href":"https:\/\/www.nordi.ee\/en\/wp-json\/wp\/v2\/product_brand?post=32149"},{"taxonomy":"product_cat","embeddable":true,"href":"https:\/\/www.nordi.ee\/en\/wp-json\/wp\/v2\/product_cat?post=32149"},{"taxonomy":"product_tag","embeddable":true,"href":"https:\/\/www.nordi.ee\/en\/wp-json\/wp\/v2\/product_tag?post=32149"}],"curies":[{"name":"wp","href":"https:\/\/api.w.org\/{rel}","templated":true}]}}