{"id":32147,"date":"2025-11-12T01:24:41","date_gmt":"2025-11-11T23:24:41","guid":{"rendered":"https:\/\/www.nordi.ee\/toode\/kubus-tooli-varv-pruun-2\/"},"modified":"2026-04-13T05:14:44","modified_gmt":"2026-04-13T02:14:44","slug":"kubus-tooli-varv-pruun-2","status":"publish","type":"product","link":"https:\/\/www.nordi.ee\/en\/toode\/kubus-tooli-varv-pruun-2\/","title":{"rendered":"Kontoritool KUBUS, pruun"},"content":{"rendered":"<p>p\u00f5hine mehhanism, kummist kaetud rattad, m\u00f5\u00f5dud: 52\/52\/82\u00f792 cm, materjal: \u00f6koloogiline nahk, v\u00e4rv: pruun<\/p>\n","protected":false},"excerpt":{"rendered":"<p>p\u00f5hine mehhanism, kummist kaetud rattad, m\u00f5\u00f5dud: 52\/52\/82\u00f792 cm, materjal: \u00f6koloogiline nahk, v\u00e4rv: pruun<\/p>\n","protected":false},"featured_media":15525,"comment_status":"closed","ping_status":"closed","template":"","meta":{"_gspb_post_css":""},"product_brand":[],"product_cat":[216,4063],"product_tag":[],"class_list":{"0":"post-32147","1":"product","2":"type-product","3":"status-publish","4":"has-post-thumbnail","6":"product_cat-kontor","7":"product_cat-kontoritoolid","8":"pa_istmekorgus-44-54","9":"pa_kaetugi-fikseeritud-kaetugi","10":"pa_kandevoime-80-kg","11":"pa_kanga-varv-pruun","12":"pa_korgus-1573","13":"pa_laius-777","14":"pa_mehhanism-tavaline","15":"pa_pakkide-arv-226","16":"pa_peatugi-ilma-peatugedeta","17":"pa_ratta-tuup-kumm","18":"pa_stiil-traditsiooniline","19":"pa_sugavus-705","20":"pa_tooli-materjal-kunstnahk","21":"pa_tuba-lastetuba","22":"pa_vahelaos-ei","24":"first","25":"instock","26":"sale","27":"purchasable","28":"product-type-simple"},"_links":{"self":[{"href":"https:\/\/www.nordi.ee\/en\/wp-json\/wp\/v2\/product\/32147","targetHints":{"allow":["GET"]}}],"collection":[{"href":"https:\/\/www.nordi.ee\/en\/wp-json\/wp\/v2\/product"}],"about":[{"href":"https:\/\/www.nordi.ee\/en\/wp-json\/wp\/v2\/types\/product"}],"replies":[{"embeddable":true,"href":"https:\/\/www.nordi.ee\/en\/wp-json\/wp\/v2\/comments?post=32147"}],"wp:featuredmedia":[{"embeddable":true,"href":"https:\/\/www.nordi.ee\/en\/wp-json\/wp\/v2\/media\/15525"}],"wp:attachment":[{"href":"https:\/\/www.nordi.ee\/en\/wp-json\/wp\/v2\/media?parent=32147"}],"wp:term":[{"taxonomy":"product_brand","embeddable":true,"href":"https:\/\/www.nordi.ee\/en\/wp-json\/wp\/v2\/product_brand?post=32147"},{"taxonomy":"product_cat","embeddable":true,"href":"https:\/\/www.nordi.ee\/en\/wp-json\/wp\/v2\/product_cat?post=32147"},{"taxonomy":"product_tag","embeddable":true,"href":"https:\/\/www.nordi.ee\/en\/wp-json\/wp\/v2\/product_tag?post=32147"}],"curies":[{"name":"wp","href":"https:\/\/api.w.org\/{rel}","templated":true}]}}