{"id":32137,"date":"2025-11-12T01:24:41","date_gmt":"2025-11-11T23:24:41","guid":{"rendered":"https:\/\/www.nordi.ee\/toode\/tugitool-arlon-beez-mitmevarviline\/"},"modified":"2026-04-13T05:14:44","modified_gmt":"2026-04-13T02:14:44","slug":"tugitool-arlon-bee","status":"publish","type":"product","link":"https:\/\/www.nordi.ee\/en\/toode\/tugitool-arlon-bee\/","title":{"rendered":"Tugitool ARLON, bee\u017e"},"content":{"rendered":"<p>m\u00f5\u00f5tmed: tugitool 78\/90\/98\/46 cm, jalaosa 48\/40\/44 cm, tugitool jalaosaga \/ kiikfunktsiooniga, materjal: kangas \/ \u00f6kooli, v\u00e4rv: bee\u017e \/ mitmev\u00e4rviline<\/p>\n","protected":false},"excerpt":{"rendered":"<p>m\u00f5\u00f5tmed: tugitool 78\/90\/98\/46 cm, jalaosa 48\/40\/44 cm, tugitool jalaosaga \/ kiikfunktsiooniga, materjal: kangas \/ \u00f6kooli, v\u00e4rv: bee\u017e \/ mitmev\u00e4rviline<\/p>\n","protected":false},"featured_media":15521,"comment_status":"closed","ping_status":"closed","template":"","meta":{"_gspb_post_css":""},"product_brand":[],"product_cat":[215,188],"product_tag":[],"class_list":{"0":"post-32137","1":"product","2":"type-product","3":"status-publish","4":"has-post-thumbnail","6":"product_cat-pehme-moobel","7":"product_cat-tugitoolid","8":"pa_istmekorgus-647","9":"pa_jalgade-raami-materjal-metall","10":"pa_jalgade-raami-varv-must","11":"pa_kanga-tuup-kangas","12":"pa_kanga-varv-beez","13":"pa_korgus-762","14":"pa_laius-1034","15":"pa_lisafunktsioonid-jari","16":"pa_pakkide-arv-226","17":"pa_stiil-kaasaegne","18":"pa_sugavus-351","19":"pa_vahelaos-jah","20":"pa_varv-mitmevarviline","22":"first","23":"instock","24":"sale","25":"purchasable","26":"product-type-simple"},"_links":{"self":[{"href":"https:\/\/www.nordi.ee\/en\/wp-json\/wp\/v2\/product\/32137","targetHints":{"allow":["GET"]}}],"collection":[{"href":"https:\/\/www.nordi.ee\/en\/wp-json\/wp\/v2\/product"}],"about":[{"href":"https:\/\/www.nordi.ee\/en\/wp-json\/wp\/v2\/types\/product"}],"replies":[{"embeddable":true,"href":"https:\/\/www.nordi.ee\/en\/wp-json\/wp\/v2\/comments?post=32137"}],"wp:featuredmedia":[{"embeddable":true,"href":"https:\/\/www.nordi.ee\/en\/wp-json\/wp\/v2\/media\/15521"}],"wp:attachment":[{"href":"https:\/\/www.nordi.ee\/en\/wp-json\/wp\/v2\/media?parent=32137"}],"wp:term":[{"taxonomy":"product_brand","embeddable":true,"href":"https:\/\/www.nordi.ee\/en\/wp-json\/wp\/v2\/product_brand?post=32137"},{"taxonomy":"product_cat","embeddable":true,"href":"https:\/\/www.nordi.ee\/en\/wp-json\/wp\/v2\/product_cat?post=32137"},{"taxonomy":"product_tag","embeddable":true,"href":"https:\/\/www.nordi.ee\/en\/wp-json\/wp\/v2\/product_tag?post=32137"}],"curies":[{"name":"wp","href":"https:\/\/api.w.org\/{rel}","templated":true}]}}