{"id":32105,"date":"2025-11-12T01:22:33","date_gmt":"2025-11-11T23:22:33","guid":{"rendered":"https:\/\/www.nordi.ee\/toode\/diivanilaud-jonas\/"},"modified":"2026-04-13T05:14:40","modified_gmt":"2026-04-13T02:14:40","slug":"diivanilaud-jonas","status":"publish","type":"product","link":"https:\/\/www.nordi.ee\/en\/toode\/diivanilaud-jonas\/","title":{"rendered":"Kohvilaud JONAS, must \/ p\u00e4hkel"},"content":{"rendered":"<p>m\u00f5\u00f5dud: O45\/60 cm, materjal: laminaat MDF \/ pulberkaetud teras, v\u00e4rv: tume sonoma tamm \/ must<\/p>\n","protected":false},"excerpt":{"rendered":"<p>m\u00f5\u00f5dud: O45\/60 cm, materjal: laminaat MDF \/ pulberkaetud teras, v\u00e4rv: tume sonoma tamm \/ must<\/p>\n","protected":false},"featured_media":15491,"comment_status":"closed","ping_status":"closed","template":"","meta":{"_gspb_post_css":""},"product_brand":[],"product_cat":[178,165],"product_tag":[],"class_list":{"0":"post-32105","1":"product","2":"type-product","3":"status-publish","4":"has-post-thumbnail","6":"product_cat-diivanilauad","7":"product_cat-elutuba","8":"pa_kanga-varv-ilma-polstrita","9":"pa_korgus-1121","10":"pa_laius-450","11":"pa_laua-varvus-tamm","12":"pa_laua-viimistlus-matt","13":"pa_lauaplaadi-kuju-ummargune","14":"pa_lauaplaadi-materjal-lamiiniga-kaetud-mdf","15":"pa_lisafunktsioonid-alumised-riiulid","16":"pa_materjal-pulberkattega-teras","17":"pa_pakkide-arv-226","18":"pa_raami-materjal-metall","19":"pa_raami-varv-must","20":"pa_stiil-loft","21":"pa_stiil-moodne","22":"pa_sugavus-221","23":"pa_vahelaos-ei","24":"pa_varv-must","26":"first","27":"instock","28":"sale","29":"purchasable","30":"product-type-simple"},"_links":{"self":[{"href":"https:\/\/www.nordi.ee\/en\/wp-json\/wp\/v2\/product\/32105","targetHints":{"allow":["GET"]}}],"collection":[{"href":"https:\/\/www.nordi.ee\/en\/wp-json\/wp\/v2\/product"}],"about":[{"href":"https:\/\/www.nordi.ee\/en\/wp-json\/wp\/v2\/types\/product"}],"replies":[{"embeddable":true,"href":"https:\/\/www.nordi.ee\/en\/wp-json\/wp\/v2\/comments?post=32105"}],"wp:featuredmedia":[{"embeddable":true,"href":"https:\/\/www.nordi.ee\/en\/wp-json\/wp\/v2\/media\/15491"}],"wp:attachment":[{"href":"https:\/\/www.nordi.ee\/en\/wp-json\/wp\/v2\/media?parent=32105"}],"wp:term":[{"taxonomy":"product_brand","embeddable":true,"href":"https:\/\/www.nordi.ee\/en\/wp-json\/wp\/v2\/product_brand?post=32105"},{"taxonomy":"product_cat","embeddable":true,"href":"https:\/\/www.nordi.ee\/en\/wp-json\/wp\/v2\/product_cat?post=32105"},{"taxonomy":"product_tag","embeddable":true,"href":"https:\/\/www.nordi.ee\/en\/wp-json\/wp\/v2\/product_tag?post=32105"}],"curies":[{"name":"wp","href":"https:\/\/api.w.org\/{rel}","templated":true}]}}