{"id":32076,"date":"2025-11-12T01:21:37","date_gmt":"2025-11-11T23:21:37","guid":{"rendered":"https:\/\/www.nordi.ee\/toode\/kent-pikendustabeli-varv-must-2\/"},"modified":"2026-04-13T05:14:36","modified_gmt":"2026-04-13T02:14:36","slug":"pikendatav-soogilaud-kennu-must","status":"publish","type":"product","link":"https:\/\/www.nordi.ee\/en\/toode\/pikendatav-soogilaud-kennu-must\/","title":{"rendered":"Pikendatav s\u00f6\u00f6gilaud KENNU, must"},"content":{"rendered":"<p>laiendatav laud, m\u00f5\u00f5tmed: 80\u00f7130\/80\/76 cm, materjal: klaas \/ v\u00e4rvitud teras, v\u00e4rv: klaas &#8211; must<\/p>\n","protected":false},"excerpt":{"rendered":"<p>laiendatav laud, m\u00f5\u00f5tmed: 80\u00f7130\/80\/76 cm, materjal: klaas \/ v\u00e4rvitud teras, v\u00e4rv: klaas &#8211; must<\/p>\n","protected":false},"featured_media":15469,"comment_status":"closed","ping_status":"closed","template":"","meta":{"_gspb_post_css":""},"product_brand":[],"product_cat":[190,167],"product_tag":[],"class_list":{"0":"post-32076","1":"product","2":"type-product","3":"status-publish","4":"has-post-thumbnail","6":"product_cat-soogilauad","7":"product_cat-soogituba","8":"pa_vahelaos-ei","10":"first","11":"instock","12":"sale","13":"purchasable","14":"product-type-simple"},"_links":{"self":[{"href":"https:\/\/www.nordi.ee\/en\/wp-json\/wp\/v2\/product\/32076","targetHints":{"allow":["GET"]}}],"collection":[{"href":"https:\/\/www.nordi.ee\/en\/wp-json\/wp\/v2\/product"}],"about":[{"href":"https:\/\/www.nordi.ee\/en\/wp-json\/wp\/v2\/types\/product"}],"replies":[{"embeddable":true,"href":"https:\/\/www.nordi.ee\/en\/wp-json\/wp\/v2\/comments?post=32076"}],"wp:featuredmedia":[{"embeddable":true,"href":"https:\/\/www.nordi.ee\/en\/wp-json\/wp\/v2\/media\/15469"}],"wp:attachment":[{"href":"https:\/\/www.nordi.ee\/en\/wp-json\/wp\/v2\/media?parent=32076"}],"wp:term":[{"taxonomy":"product_brand","embeddable":true,"href":"https:\/\/www.nordi.ee\/en\/wp-json\/wp\/v2\/product_brand?post=32076"},{"taxonomy":"product_cat","embeddable":true,"href":"https:\/\/www.nordi.ee\/en\/wp-json\/wp\/v2\/product_cat?post=32076"},{"taxonomy":"product_tag","embeddable":true,"href":"https:\/\/www.nordi.ee\/en\/wp-json\/wp\/v2\/product_tag?post=32076"}],"curies":[{"name":"wp","href":"https:\/\/api.w.org\/{rel}","templated":true}]}}