{"id":32010,"date":"2025-11-12T01:18:41","date_gmt":"2025-11-11T23:18:41","guid":{"rendered":"https:\/\/www.nordi.ee\/toode\/tool-nora-must\/"},"modified":"2026-04-13T05:14:27","modified_gmt":"2026-04-13T02:14:27","slug":"tool-nora-must","status":"publish","type":"product","link":"https:\/\/www.nordi.ee\/en\/toode\/tool-nora-must\/","title":{"rendered":"Tool NORA, must"},"content":{"rendered":"<p>m\u00f5\u00f5tmed: 41\/50\/98 cm, materjal: pulberv\u00e4rvitud teras \/ \u00f6koloogiline nahk, v\u00e4rv: raami &#8211; must, \u00f6koloogiline nahk &#8211; must<\/p>\n","protected":false},"excerpt":{"rendered":"<p>m\u00f5\u00f5tmed: 41\/50\/98 cm, materjal: pulberv\u00e4rvitud teras \/ \u00f6koloogiline nahk, v\u00e4rv: raami &#8211; must, \u00f6koloogiline nahk &#8211; must<\/p>\n","protected":false},"featured_media":15426,"comment_status":"closed","ping_status":"open","template":"","meta":{"_gspb_post_css":""},"product_brand":[],"product_cat":[167,180],"product_tag":[],"class_list":{"0":"post-32010","1":"product","2":"type-product","3":"status-publish","4":"has-post-thumbnail","6":"product_cat-soogituba","7":"product_cat-toolid","8":"pa_istmekorgus-362","9":"pa_kanga-tuup-kunstnahk","10":"pa_kanga-varv-must","11":"pa_korgus-762","12":"pa_laius-1194","13":"pa_pakkide-arv-226","14":"pa_raami-materjal-metall","15":"pa_raami-tuup-sirged-jalad","16":"pa_raami-varv-must","17":"pa_stiil-moderne","18":"pa_stiil-traditsiooniline","19":"pa_sugavus-705","20":"pa_vahelaos-jah","21":"pa_varv-must","22":"pa_virnastatav-ei","24":"first","25":"instock","26":"sale","27":"purchasable","28":"product-type-simple"},"_links":{"self":[{"href":"https:\/\/www.nordi.ee\/en\/wp-json\/wp\/v2\/product\/32010","targetHints":{"allow":["GET"]}}],"collection":[{"href":"https:\/\/www.nordi.ee\/en\/wp-json\/wp\/v2\/product"}],"about":[{"href":"https:\/\/www.nordi.ee\/en\/wp-json\/wp\/v2\/types\/product"}],"replies":[{"embeddable":true,"href":"https:\/\/www.nordi.ee\/en\/wp-json\/wp\/v2\/comments?post=32010"}],"wp:featuredmedia":[{"embeddable":true,"href":"https:\/\/www.nordi.ee\/en\/wp-json\/wp\/v2\/media\/15426"}],"wp:attachment":[{"href":"https:\/\/www.nordi.ee\/en\/wp-json\/wp\/v2\/media?parent=32010"}],"wp:term":[{"taxonomy":"product_brand","embeddable":true,"href":"https:\/\/www.nordi.ee\/en\/wp-json\/wp\/v2\/product_brand?post=32010"},{"taxonomy":"product_cat","embeddable":true,"href":"https:\/\/www.nordi.ee\/en\/wp-json\/wp\/v2\/product_cat?post=32010"},{"taxonomy":"product_tag","embeddable":true,"href":"https:\/\/www.nordi.ee\/en\/wp-json\/wp\/v2\/product_tag?post=32010"}],"curies":[{"name":"wp","href":"https:\/\/api.w.org\/{rel}","templated":true}]}}