{"id":32009,"date":"2025-11-12T01:18:41","date_gmt":"2025-11-11T23:18:41","guid":{"rendered":"https:\/\/www.nordi.ee\/toode\/k70-tool-varv-tumepruun-2\/"},"modified":"2026-04-13T05:14:27","modified_gmt":"2026-04-13T02:14:27","slug":"merco-tool-varv-tumepruun-2","status":"publish","type":"product","link":"https:\/\/www.nordi.ee\/en\/toode\/merco-tool-varv-tumepruun-2\/","title":{"rendered":"Tool MERCO, teras \/ tumepruun"},"content":{"rendered":"<p>m\u00f5\u00f5dud: 41\/50\/98 cm, materjal: pulberkattega teras \/ \u00f6koloogiline nahk, v\u00e4rv: raam &#8211; hall, \u00f6koloogiline nahk &#8211; tumepruun<\/p>\n","protected":false},"excerpt":{"rendered":"<p>m\u00f5\u00f5dud: 41\/50\/98 cm, materjal: pulberkattega teras \/ \u00f6koloogiline nahk, v\u00e4rv: raam &#8211; hall, \u00f6koloogiline nahk &#8211; tumepruun<\/p>\n","protected":false},"featured_media":15424,"comment_status":"closed","ping_status":"closed","template":"","meta":{"_gspb_post_css":""},"product_brand":[],"product_cat":[167,180],"product_tag":[],"class_list":{"0":"post-32009","1":"product","2":"type-product","3":"status-publish","4":"has-post-thumbnail","6":"product_cat-soogituba","7":"product_cat-toolid","8":"pa_istmekorgus-362","9":"pa_kanga-tuup-kunstnahk","10":"pa_kanga-varv-pruun","11":"pa_korgus-762","12":"pa_laius-1194","13":"pa_pakkide-arv-226","14":"pa_raami-materjal-metall","15":"pa_raami-tuup-sirged-jalad","16":"pa_raami-varv-hall","17":"pa_stiil-modernne","18":"pa_stiil-traditsiooniline","19":"pa_sugavus-705","20":"pa_vahelaos-jah","21":"pa_varv-hall","22":"pa_varv-pruun","23":"pa_virnastatav-ei","25":"first","26":"instock","27":"sale","28":"purchasable","29":"product-type-simple"},"_links":{"self":[{"href":"https:\/\/www.nordi.ee\/en\/wp-json\/wp\/v2\/product\/32009","targetHints":{"allow":["GET"]}}],"collection":[{"href":"https:\/\/www.nordi.ee\/en\/wp-json\/wp\/v2\/product"}],"about":[{"href":"https:\/\/www.nordi.ee\/en\/wp-json\/wp\/v2\/types\/product"}],"replies":[{"embeddable":true,"href":"https:\/\/www.nordi.ee\/en\/wp-json\/wp\/v2\/comments?post=32009"}],"wp:featuredmedia":[{"embeddable":true,"href":"https:\/\/www.nordi.ee\/en\/wp-json\/wp\/v2\/media\/15424"}],"wp:attachment":[{"href":"https:\/\/www.nordi.ee\/en\/wp-json\/wp\/v2\/media?parent=32009"}],"wp:term":[{"taxonomy":"product_brand","embeddable":true,"href":"https:\/\/www.nordi.ee\/en\/wp-json\/wp\/v2\/product_brand?post=32009"},{"taxonomy":"product_cat","embeddable":true,"href":"https:\/\/www.nordi.ee\/en\/wp-json\/wp\/v2\/product_cat?post=32009"},{"taxonomy":"product_tag","embeddable":true,"href":"https:\/\/www.nordi.ee\/en\/wp-json\/wp\/v2\/product_tag?post=32009"}],"curies":[{"name":"wp","href":"https:\/\/api.w.org\/{rel}","templated":true}]}}