{"id":31998,"date":"2025-11-12T01:16:35","date_gmt":"2025-11-11T23:16:35","guid":{"rendered":"https:\/\/www.nordi.ee\/toode\/tool-vaike-maarja-sinine\/"},"modified":"2026-04-13T05:14:24","modified_gmt":"2026-04-13T02:14:24","slug":"tool-vaike-maarja-sinine","status":"publish","type":"product","link":"https:\/\/www.nordi.ee\/en\/toode\/tool-vaike-maarja-sinine\/","title":{"rendered":"Tool V\u00c4IKE-MAARJA, sinine"},"content":{"rendered":"<p>m\u00f5\u00f5tmed: 45\/48\/93 cm, materjal: v\u00e4rvitud teras \/ kangas, v\u00e4rv: raam &#8211; kuldne, polsterdus &#8211; sinine<\/p>\n","protected":false},"excerpt":{"rendered":"<p>m\u00f5\u00f5tmed: 45\/48\/93 cm, materjal: v\u00e4rvitud teras \/ kangas, v\u00e4rv: raam &#8211; kuldne, polsterdus &#8211; sinine<\/p>\n","protected":false},"featured_media":15406,"comment_status":"closed","ping_status":"open","template":"","meta":{"_gspb_post_css":""},"product_brand":[],"product_cat":[167,180],"product_tag":[],"class_list":{"0":"post-31998","1":"product","2":"type-product","3":"status-publish","4":"has-post-thumbnail","6":"product_cat-soogituba","7":"product_cat-toolid","8":"pa_vahelaos-ei","10":"first","11":"instock","12":"sale","13":"purchasable","14":"product-type-simple"},"_links":{"self":[{"href":"https:\/\/www.nordi.ee\/en\/wp-json\/wp\/v2\/product\/31998","targetHints":{"allow":["GET"]}}],"collection":[{"href":"https:\/\/www.nordi.ee\/en\/wp-json\/wp\/v2\/product"}],"about":[{"href":"https:\/\/www.nordi.ee\/en\/wp-json\/wp\/v2\/types\/product"}],"replies":[{"embeddable":true,"href":"https:\/\/www.nordi.ee\/en\/wp-json\/wp\/v2\/comments?post=31998"}],"wp:featuredmedia":[{"embeddable":true,"href":"https:\/\/www.nordi.ee\/en\/wp-json\/wp\/v2\/media\/15406"}],"wp:attachment":[{"href":"https:\/\/www.nordi.ee\/en\/wp-json\/wp\/v2\/media?parent=31998"}],"wp:term":[{"taxonomy":"product_brand","embeddable":true,"href":"https:\/\/www.nordi.ee\/en\/wp-json\/wp\/v2\/product_brand?post=31998"},{"taxonomy":"product_cat","embeddable":true,"href":"https:\/\/www.nordi.ee\/en\/wp-json\/wp\/v2\/product_cat?post=31998"},{"taxonomy":"product_tag","embeddable":true,"href":"https:\/\/www.nordi.ee\/en\/wp-json\/wp\/v2\/product_tag?post=31998"}],"curies":[{"name":"wp","href":"https:\/\/api.w.org\/{rel}","templated":true}]}}