{"id":31892,"date":"2025-11-12T01:10:57","date_gmt":"2025-11-11T23:10:57","guid":{"rendered":"https:\/\/www.nordi.ee\/toode\/poordtool-savannah-hall\/"},"modified":"2026-04-13T05:14:01","modified_gmt":"2026-04-13T02:14:01","slug":"poordtool-savannah-hall","status":"publish","type":"product","link":"https:\/\/www.nordi.ee\/en\/toode\/poordtool-savannah-hall\/","title":{"rendered":"P\u00f6\u00f6rdtool SAVANNAH, hall"},"content":{"rendered":"<p>m\u00f5\u00f5tmed: 55\/60\/89\/50 cm, p\u00f6\u00f6rlev funktsioon, materjal: kangas &#8211; samet HLR #21 \/ pulberkattega teras, v\u00e4rv: hall<\/p>\n","protected":false},"excerpt":{"rendered":"<p>m\u00f5\u00f5tmed: 55\/60\/89\/50 cm, p\u00f6\u00f6rlev funktsioon, materjal: kangas &#8211; samet HLR #21 \/ pulberkattega teras, v\u00e4rv: hall<\/p>\n","protected":false},"featured_media":15370,"comment_status":"closed","ping_status":"open","template":"","meta":{"_gspb_post_css":""},"product_brand":[],"product_cat":[167,180],"product_tag":[],"class_list":{"0":"post-31892","1":"product","2":"type-product","3":"status-publish","4":"has-post-thumbnail","6":"product_cat-soogituba","7":"product_cat-toolid","8":"pa_istmekorgus-334","9":"pa_kanga-tuup-sametkangas","10":"pa_kanga-varv-hall","11":"pa_korgus-1573","12":"pa_laius-537","13":"pa_lisafunktsioonid-180-poorlev-iste","14":"pa_raami-materjal-metall","15":"pa_raami-tuup-sirged-jalad","16":"pa_raami-varv-must","17":"pa_stiil-modernne","18":"pa_stiil-loft","19":"pa_sugavus-316","20":"pa_vahelaos-ei","21":"pa_varv-hall","22":"pa_varv-must","23":"pa_virnastatav-ei","25":"first","26":"instock","27":"sale","28":"purchasable","29":"product-type-simple"},"_links":{"self":[{"href":"https:\/\/www.nordi.ee\/en\/wp-json\/wp\/v2\/product\/31892","targetHints":{"allow":["GET"]}}],"collection":[{"href":"https:\/\/www.nordi.ee\/en\/wp-json\/wp\/v2\/product"}],"about":[{"href":"https:\/\/www.nordi.ee\/en\/wp-json\/wp\/v2\/types\/product"}],"replies":[{"embeddable":true,"href":"https:\/\/www.nordi.ee\/en\/wp-json\/wp\/v2\/comments?post=31892"}],"wp:featuredmedia":[{"embeddable":true,"href":"https:\/\/www.nordi.ee\/en\/wp-json\/wp\/v2\/media\/15370"}],"wp:attachment":[{"href":"https:\/\/www.nordi.ee\/en\/wp-json\/wp\/v2\/media?parent=31892"}],"wp:term":[{"taxonomy":"product_brand","embeddable":true,"href":"https:\/\/www.nordi.ee\/en\/wp-json\/wp\/v2\/product_brand?post=31892"},{"taxonomy":"product_cat","embeddable":true,"href":"https:\/\/www.nordi.ee\/en\/wp-json\/wp\/v2\/product_cat?post=31892"},{"taxonomy":"product_tag","embeddable":true,"href":"https:\/\/www.nordi.ee\/en\/wp-json\/wp\/v2\/product_tag?post=31892"}],"curies":[{"name":"wp","href":"https:\/\/api.w.org\/{rel}","templated":true}]}}