{"id":31884,"date":"2025-11-12T01:10:57","date_gmt":"2025-11-11T23:10:57","guid":{"rendered":"https:\/\/www.nordi.ee\/toode\/poordtool-felix-must\/"},"modified":"2026-04-13T05:14:01","modified_gmt":"2026-04-13T02:14:01","slug":"poordtool-felix-must","status":"publish","type":"product","link":"https:\/\/www.nordi.ee\/en\/toode\/poordtool-felix-must\/","title":{"rendered":"P\u00f6\u00f6rdtool FELIX, must"},"content":{"rendered":"<p>m\u00f5\u00f5tmed: 55\/60\/89\/50 cm, p\u00f6\u00f6rlev funktsioon, materjal: kangas &#8211; samet HLR #66 \/ pulberkattega teras, v\u00e4rv: must<\/p>\n","protected":false},"excerpt":{"rendered":"<p>m\u00f5\u00f5tmed: 55\/60\/89\/50 cm, p\u00f6\u00f6rlev funktsioon, materjal: kangas &#8211; samet HLR #66 \/ pulberkattega teras, v\u00e4rv: must<\/p>\n","protected":false},"featured_media":15366,"comment_status":"closed","ping_status":"open","template":"","meta":{"_gspb_post_css":""},"product_brand":[],"product_cat":[167,180],"product_tag":[],"class_list":{"0":"post-31884","1":"product","2":"type-product","3":"status-publish","4":"has-post-thumbnail","6":"product_cat-soogituba","7":"product_cat-toolid","8":"pa_istmekorgus-334","9":"pa_kanga-tuup-sametkangas","10":"pa_kanga-varv-must","11":"pa_korgus-1573","12":"pa_laius-537","13":"pa_lisafunktsioonid-180-poorlev-iste","14":"pa_raami-materjal-metall","15":"pa_raami-tuup-sirged-jalad","16":"pa_raami-varv-must","17":"pa_stiil-loft","18":"pa_stiil-moodne","19":"pa_sugavus-316","20":"pa_vahelaos-ei","21":"pa_varv-must","22":"pa_virnastatav-ei","24":"first","25":"instock","26":"sale","27":"purchasable","28":"product-type-simple"},"_links":{"self":[{"href":"https:\/\/www.nordi.ee\/en\/wp-json\/wp\/v2\/product\/31884","targetHints":{"allow":["GET"]}}],"collection":[{"href":"https:\/\/www.nordi.ee\/en\/wp-json\/wp\/v2\/product"}],"about":[{"href":"https:\/\/www.nordi.ee\/en\/wp-json\/wp\/v2\/types\/product"}],"replies":[{"embeddable":true,"href":"https:\/\/www.nordi.ee\/en\/wp-json\/wp\/v2\/comments?post=31884"}],"wp:featuredmedia":[{"embeddable":true,"href":"https:\/\/www.nordi.ee\/en\/wp-json\/wp\/v2\/media\/15366"}],"wp:attachment":[{"href":"https:\/\/www.nordi.ee\/en\/wp-json\/wp\/v2\/media?parent=31884"}],"wp:term":[{"taxonomy":"product_brand","embeddable":true,"href":"https:\/\/www.nordi.ee\/en\/wp-json\/wp\/v2\/product_brand?post=31884"},{"taxonomy":"product_cat","embeddable":true,"href":"https:\/\/www.nordi.ee\/en\/wp-json\/wp\/v2\/product_cat?post=31884"},{"taxonomy":"product_tag","embeddable":true,"href":"https:\/\/www.nordi.ee\/en\/wp-json\/wp\/v2\/product_tag?post=31884"}],"curies":[{"name":"wp","href":"https:\/\/api.w.org\/{rel}","templated":true}]}}