{"id":31853,"date":"2025-11-12T01:10:57","date_gmt":"2025-11-11T23:10:57","guid":{"rendered":"https:\/\/www.nordi.ee\/toode\/k587-tool-beez-2\/"},"modified":"2026-04-15T05:07:42","modified_gmt":"2026-04-15T02:07:42","slug":"solara-tool-beez-2","status":"publish","type":"product","link":"https:\/\/www.nordi.ee\/en\/toode\/solara-tool-beez-2\/","title":{"rendered":"Tool Solara, bee\u017e"},"content":{"rendered":"<p>m\u00f5\u00f5dud: 60\/58\/77\/50 cm, materjal: matt sametkangas &#8211; MAVEL \/ pulberkattega teras, v\u00e4rv: bee\u017e #38<\/p>\n","protected":false},"excerpt":{"rendered":"<p>m\u00f5\u00f5dud: 60\/58\/77\/50 cm, materjal: matt sametkangas &#8211; MAVEL \/ pulberkattega teras, v\u00e4rv: bee\u017e #38<\/p>\n","protected":false},"featured_media":15355,"comment_status":"closed","ping_status":"closed","template":"","meta":{"_gspb_post_css":""},"product_brand":[],"product_cat":[167,180],"product_tag":[],"class_list":{"0":"post-31853","1":"product","2":"type-product","3":"status-publish","4":"has-post-thumbnail","6":"product_cat-soogituba","7":"product_cat-toolid","8":"pa_istmekorgus-334","9":"pa_kanga-tuup-mavel-kangas","10":"pa_kanga-tuup-sametkangas","11":"pa_kanga-varv-beez","12":"pa_korgus-505","13":"pa_laius-310","14":"pa_pakkide-arv-226","15":"pa_raami-materjal-metall","16":"pa_raami-tuup-sirged-jalad","17":"pa_raami-varv-must","18":"pa_stiil-kaasaegne","19":"pa_sugavus-924","20":"pa_vahelaos-jah","21":"pa_varv-beez","22":"pa_varv-must","23":"pa_virnastatav-ei","25":"first","26":"instock","27":"sale","28":"purchasable","29":"product-type-simple"},"_links":{"self":[{"href":"https:\/\/www.nordi.ee\/en\/wp-json\/wp\/v2\/product\/31853","targetHints":{"allow":["GET"]}}],"collection":[{"href":"https:\/\/www.nordi.ee\/en\/wp-json\/wp\/v2\/product"}],"about":[{"href":"https:\/\/www.nordi.ee\/en\/wp-json\/wp\/v2\/types\/product"}],"replies":[{"embeddable":true,"href":"https:\/\/www.nordi.ee\/en\/wp-json\/wp\/v2\/comments?post=31853"}],"wp:featuredmedia":[{"embeddable":true,"href":"https:\/\/www.nordi.ee\/en\/wp-json\/wp\/v2\/media\/15355"}],"wp:attachment":[{"href":"https:\/\/www.nordi.ee\/en\/wp-json\/wp\/v2\/media?parent=31853"}],"wp:term":[{"taxonomy":"product_brand","embeddable":true,"href":"https:\/\/www.nordi.ee\/en\/wp-json\/wp\/v2\/product_brand?post=31853"},{"taxonomy":"product_cat","embeddable":true,"href":"https:\/\/www.nordi.ee\/en\/wp-json\/wp\/v2\/product_cat?post=31853"},{"taxonomy":"product_tag","embeddable":true,"href":"https:\/\/www.nordi.ee\/en\/wp-json\/wp\/v2\/product_tag?post=31853"}],"curies":[{"name":"wp","href":"https:\/\/api.w.org\/{rel}","templated":true}]}}