{"id":31365,"date":"2025-11-12T00:47:05","date_gmt":"2025-11-11T22:47:05","guid":{"rendered":"https:\/\/www.nordi.ee\/toode\/k569-tool-beezhjas\/"},"modified":"2026-04-13T05:13:32","modified_gmt":"2026-04-13T02:13:32","slug":"rialto-tool-beezhjas","status":"publish","type":"product","link":"https:\/\/www.nordi.ee\/en\/toode\/rialto-tool-beezhjas\/","title":{"rendered":"Tool RIALTO, bee\u017e"},"content":{"rendered":"<p>m\u00f5\u00f5tmed: 47\/54\/84\/47 cm, materjal: sametriie &#8211; HLR \/ pulberv\u00e4rvitud teras, v\u00e4rv: bee\u017e #11<\/p>\n","protected":false},"excerpt":{"rendered":"<p>m\u00f5\u00f5tmed: 47\/54\/84\/47 cm, materjal: sametriie &#8211; HLR \/ pulberv\u00e4rvitud teras, v\u00e4rv: bee\u017e #11<\/p>\n","protected":false},"featured_media":15188,"comment_status":"closed","ping_status":"closed","template":"","meta":{"_gspb_post_css":""},"product_brand":[],"product_cat":[167,180],"product_tag":[],"class_list":{"0":"post-31365","1":"product","2":"type-product","3":"status-publish","4":"has-post-thumbnail","6":"product_cat-soogituba","7":"product_cat-toolid","8":"pa_istmekorgus-731","9":"pa_kanga-tuup-sametkangas","10":"pa_kanga-varv-beez","11":"pa_korgus-1363","12":"pa_laius-1004","13":"pa_lisafunktsioonid-kaepidemed","14":"pa_pakkide-arv-226","15":"pa_raami-materjal-metall","16":"pa_raami-tuup-sirged-jalad","17":"pa_raami-varv-must","18":"pa_stiil-traditsiooniline","19":"pa_sugavus-842","20":"pa_vahelaos-jah","21":"pa_varv-beez","22":"pa_varv-must","23":"pa_virnastatav-ei","25":"first","26":"instock","27":"sale","28":"purchasable","29":"product-type-simple"},"_links":{"self":[{"href":"https:\/\/www.nordi.ee\/en\/wp-json\/wp\/v2\/product\/31365","targetHints":{"allow":["GET"]}}],"collection":[{"href":"https:\/\/www.nordi.ee\/en\/wp-json\/wp\/v2\/product"}],"about":[{"href":"https:\/\/www.nordi.ee\/en\/wp-json\/wp\/v2\/types\/product"}],"replies":[{"embeddable":true,"href":"https:\/\/www.nordi.ee\/en\/wp-json\/wp\/v2\/comments?post=31365"}],"wp:featuredmedia":[{"embeddable":true,"href":"https:\/\/www.nordi.ee\/en\/wp-json\/wp\/v2\/media\/15188"}],"wp:attachment":[{"href":"https:\/\/www.nordi.ee\/en\/wp-json\/wp\/v2\/media?parent=31365"}],"wp:term":[{"taxonomy":"product_brand","embeddable":true,"href":"https:\/\/www.nordi.ee\/en\/wp-json\/wp\/v2\/product_brand?post=31365"},{"taxonomy":"product_cat","embeddable":true,"href":"https:\/\/www.nordi.ee\/en\/wp-json\/wp\/v2\/product_cat?post=31365"},{"taxonomy":"product_tag","embeddable":true,"href":"https:\/\/www.nordi.ee\/en\/wp-json\/wp\/v2\/product_tag?post=31365"}],"curies":[{"name":"wp","href":"https:\/\/api.w.org\/{rel}","templated":true}]}}