{"id":31190,"date":"2025-11-12T00:39:28","date_gmt":"2025-11-11T22:39:28","guid":{"rendered":"https:\/\/www.nordi.ee\/toode\/tool-sonoma-pahklipuu-helebeez\/"},"modified":"2026-04-13T05:13:21","modified_gmt":"2026-04-13T02:13:21","slug":"tool-sonoma-pahklipuu-helebeez","status":"publish","type":"product","link":"https:\/\/www.nordi.ee\/en\/toode\/tool-sonoma-pahklipuu-helebeez\/","title":{"rendered":"Tool SONOMA, p\u00e4hkel \/ helebee\u017e"},"content":{"rendered":"<p>m\u00f5\u00f5tmed: 55\/49\/75\/45 cm, materjal: massiivne kummipuu \/ painutatud vineer \/ kangas, v\u00e4rv: p\u00e4hklipuu \/ helesinine beez<\/p>\n","protected":false},"excerpt":{"rendered":"<p>m\u00f5\u00f5tmed: 55\/49\/75\/45 cm, materjal: massiivne kummipuu \/ painutatud vineer \/ kangas, v\u00e4rv: p\u00e4hklipuu \/ helesinine beez<\/p>\n","protected":false},"featured_media":15128,"comment_status":"closed","ping_status":"closed","template":"","meta":{"_gspb_post_css":""},"product_brand":[],"product_cat":[167,180],"product_tag":[],"class_list":{"0":"post-31190","1":"product","2":"type-product","3":"status-publish","4":"has-post-thumbnail","6":"product_cat-soogituba","7":"product_cat-toolid","8":"pa_istmekorgus-362","9":"pa_kanga-tuup-kangas","10":"pa_kanga-varv-beez","11":"pa_korgus-287","12":"pa_laius-537","13":"pa_pakkide-arv-226","14":"pa_raami-materjal-puit","15":"pa_raami-tuup-sirged-jalad","16":"pa_raami-varv-pahkel","17":"pa_stiil-klassikaline","18":"pa_stiil-modernne","19":"pa_sugavus-1428","20":"pa_vahelaos-ei","21":"pa_varv-pahkel","22":"pa_varv-beez","23":"pa_virnastatav-ei","25":"first","26":"instock","27":"sale","28":"purchasable","29":"product-type-simple"},"_links":{"self":[{"href":"https:\/\/www.nordi.ee\/en\/wp-json\/wp\/v2\/product\/31190","targetHints":{"allow":["GET"]}}],"collection":[{"href":"https:\/\/www.nordi.ee\/en\/wp-json\/wp\/v2\/product"}],"about":[{"href":"https:\/\/www.nordi.ee\/en\/wp-json\/wp\/v2\/types\/product"}],"replies":[{"embeddable":true,"href":"https:\/\/www.nordi.ee\/en\/wp-json\/wp\/v2\/comments?post=31190"}],"wp:featuredmedia":[{"embeddable":true,"href":"https:\/\/www.nordi.ee\/en\/wp-json\/wp\/v2\/media\/15128"}],"wp:attachment":[{"href":"https:\/\/www.nordi.ee\/en\/wp-json\/wp\/v2\/media?parent=31190"}],"wp:term":[{"taxonomy":"product_brand","embeddable":true,"href":"https:\/\/www.nordi.ee\/en\/wp-json\/wp\/v2\/product_brand?post=31190"},{"taxonomy":"product_cat","embeddable":true,"href":"https:\/\/www.nordi.ee\/en\/wp-json\/wp\/v2\/product_cat?post=31190"},{"taxonomy":"product_tag","embeddable":true,"href":"https:\/\/www.nordi.ee\/en\/wp-json\/wp\/v2\/product_tag?post=31190"}],"curies":[{"name":"wp","href":"https:\/\/api.w.org\/{rel}","templated":true}]}}