{"id":31059,"date":"2025-11-12T00:33:56","date_gmt":"2025-11-11T22:33:56","guid":{"rendered":"https:\/\/www.nordi.ee\/toode\/tool-ada-helebeez\/"},"modified":"2026-04-13T05:13:10","modified_gmt":"2026-04-13T02:13:10","slug":"tool-ada-helebeez","status":"publish","type":"product","link":"https:\/\/www.nordi.ee\/en\/toode\/tool-ada-helebeez\/","title":{"rendered":"Tool ADA, helebee\u017e"},"content":{"rendered":"<p>m\u00f5\u00f5tmed: 60\/54\/75\/42 cm, materjal: kangas &#8211; ODIN \/ pulberkattega teras, v\u00e4rv: heledast beezist ODIN#24<\/p>\n","protected":false},"excerpt":{"rendered":"<p>m\u00f5\u00f5tmed: 60\/54\/75\/42 cm, materjal: kangas &#8211; ODIN \/ pulberkattega teras, v\u00e4rv: heledast beezist ODIN#24<\/p>\n","protected":false},"featured_media":15064,"comment_status":"closed","ping_status":"open","template":"","meta":{"_gspb_post_css":""},"product_brand":[],"product_cat":[167,180],"product_tag":[],"class_list":{"0":"post-31059","1":"product","2":"type-product","3":"status-publish","4":"has-post-thumbnail","6":"product_cat-soogituba","7":"product_cat-toolid","8":"pa_istmekorgus-826","9":"pa_kanga-tuup-kangas","10":"pa_kanga-varv-beez","11":"pa_korgus-287","12":"pa_laius-310","13":"pa_pakkide-arv-226","14":"pa_raami-materjal-metall","15":"pa_raami-tuup-sirged-jalad","16":"pa_raami-varv-valge","17":"pa_stiil-kaasaegne","18":"pa_sugavus-842","19":"pa_vahelaos-jah","20":"pa_varv-beez","21":"pa_varv-valge","22":"pa_virnastatav-ei","24":"first","25":"instock","26":"sale","27":"purchasable","28":"product-type-simple"},"_links":{"self":[{"href":"https:\/\/www.nordi.ee\/en\/wp-json\/wp\/v2\/product\/31059","targetHints":{"allow":["GET"]}}],"collection":[{"href":"https:\/\/www.nordi.ee\/en\/wp-json\/wp\/v2\/product"}],"about":[{"href":"https:\/\/www.nordi.ee\/en\/wp-json\/wp\/v2\/types\/product"}],"replies":[{"embeddable":true,"href":"https:\/\/www.nordi.ee\/en\/wp-json\/wp\/v2\/comments?post=31059"}],"wp:featuredmedia":[{"embeddable":true,"href":"https:\/\/www.nordi.ee\/en\/wp-json\/wp\/v2\/media\/15064"}],"wp:attachment":[{"href":"https:\/\/www.nordi.ee\/en\/wp-json\/wp\/v2\/media?parent=31059"}],"wp:term":[{"taxonomy":"product_brand","embeddable":true,"href":"https:\/\/www.nordi.ee\/en\/wp-json\/wp\/v2\/product_brand?post=31059"},{"taxonomy":"product_cat","embeddable":true,"href":"https:\/\/www.nordi.ee\/en\/wp-json\/wp\/v2\/product_cat?post=31059"},{"taxonomy":"product_tag","embeddable":true,"href":"https:\/\/www.nordi.ee\/en\/wp-json\/wp\/v2\/product_tag?post=31059"}],"curies":[{"name":"wp","href":"https:\/\/api.w.org\/{rel}","templated":true}]}}