{"id":31018,"date":"2025-11-12T00:31:45","date_gmt":"2025-11-11T22:31:45","guid":{"rendered":"https:\/\/www.nordi.ee\/toode\/k554-tool-pruun-beez-2\/"},"modified":"2026-04-13T05:13:07","modified_gmt":"2026-04-13T02:13:07","slug":"tivooli-tool-pruun-beez-2","status":"publish","type":"product","link":"https:\/\/www.nordi.ee\/en\/toode\/tivooli-tool-pruun-beez-2\/","title":{"rendered":"Tool TIVOOLI, pruun \/ bee\u017e"},"content":{"rendered":"<p>m\u00f5\u00f5tmed: 58\/67\/90\/51 cm, p\u00f6\u00f6rdfunktsioon 180, materjal: kangas \/ \u00f6koloogiline nahk \/ pulberkattega teras, v\u00e4rv: pruun \/ bee\u017e<\/p>\n","protected":false},"excerpt":{"rendered":"<p>m\u00f5\u00f5tmed: 58\/67\/90\/51 cm, p\u00f6\u00f6rdfunktsioon 180, materjal: kangas \/ \u00f6koloogiline nahk \/ pulberkattega teras, v\u00e4rv: pruun \/ bee\u017e<\/p>\n","protected":false},"featured_media":15048,"comment_status":"closed","ping_status":"closed","template":"","meta":{"_gspb_post_css":""},"product_brand":[],"product_cat":[167,180],"product_tag":[],"class_list":{"0":"post-31018","1":"product","2":"type-product","3":"status-publish","4":"has-post-thumbnail","6":"product_cat-soogituba","7":"product_cat-toolid","8":"pa_istmekorgus-1593","9":"pa_kanga-tuup-kangas","10":"pa_kanga-tuup-kunstnahk","11":"pa_kanga-varv-beez","12":"pa_kanga-varv-pruun","13":"pa_korgus-678","14":"pa_laius-777","15":"pa_lisafunktsioonid-180-poorlev-iste","16":"pa_pakkide-arv-226","17":"pa_raami-materjal-metall","18":"pa_raami-tuup-sirged-jalad","19":"pa_raami-varv-must","20":"pa_stiil-kaasaegne","21":"pa_sugavus-633","22":"pa_vahelaos-ei","23":"pa_varv-beez","24":"pa_varv-must","25":"pa_varv-pruun","26":"pa_virnastatav-ei","28":"first","29":"instock","30":"sale","31":"purchasable","32":"product-type-simple"},"_links":{"self":[{"href":"https:\/\/www.nordi.ee\/en\/wp-json\/wp\/v2\/product\/31018","targetHints":{"allow":["GET"]}}],"collection":[{"href":"https:\/\/www.nordi.ee\/en\/wp-json\/wp\/v2\/product"}],"about":[{"href":"https:\/\/www.nordi.ee\/en\/wp-json\/wp\/v2\/types\/product"}],"replies":[{"embeddable":true,"href":"https:\/\/www.nordi.ee\/en\/wp-json\/wp\/v2\/comments?post=31018"}],"wp:featuredmedia":[{"embeddable":true,"href":"https:\/\/www.nordi.ee\/en\/wp-json\/wp\/v2\/media\/15048"}],"wp:attachment":[{"href":"https:\/\/www.nordi.ee\/en\/wp-json\/wp\/v2\/media?parent=31018"}],"wp:term":[{"taxonomy":"product_brand","embeddable":true,"href":"https:\/\/www.nordi.ee\/en\/wp-json\/wp\/v2\/product_brand?post=31018"},{"taxonomy":"product_cat","embeddable":true,"href":"https:\/\/www.nordi.ee\/en\/wp-json\/wp\/v2\/product_cat?post=31018"},{"taxonomy":"product_tag","embeddable":true,"href":"https:\/\/www.nordi.ee\/en\/wp-json\/wp\/v2\/product_tag?post=31018"}],"curies":[{"name":"wp","href":"https:\/\/api.w.org\/{rel}","templated":true}]}}