{"id":30983,"date":"2025-11-12T00:29:43","date_gmt":"2025-11-11T22:29:43","guid":{"rendered":"https:\/\/www.nordi.ee\/toode\/k552-tool-beez\/"},"modified":"2026-04-13T05:13:05","modified_gmt":"2026-04-13T02:13:05","slug":"ovaro-tool-beez","status":"publish","type":"product","link":"https:\/\/www.nordi.ee\/en\/toode\/ovaro-tool-beez\/","title":{"rendered":"Tool OVARO, bee\u017e"},"content":{"rendered":"<p>m\u00f5\u00f5tmed: 53\/53\/83\/46 cm, materjal: kangas &#8211; DIOSA \/ pulberkattega teras, v\u00e4rv: bee\u017e DIOSA#11<\/p>\n","protected":false},"excerpt":{"rendered":"<p>m\u00f5\u00f5tmed: 53\/53\/83\/46 cm, materjal: kangas &#8211; DIOSA \/ pulberkattega teras, v\u00e4rv: bee\u017e DIOSA#11<\/p>\n","protected":false},"featured_media":15032,"comment_status":"closed","ping_status":"closed","template":"","meta":{"_gspb_post_css":""},"product_brand":[],"product_cat":[167,180],"product_tag":[],"class_list":{"0":"post-30983","1":"product","2":"type-product","3":"status-publish","4":"has-post-thumbnail","6":"product_cat-soogituba","7":"product_cat-toolid","8":"pa_istmekorgus-647","9":"pa_kanga-tuup-kangas","10":"pa_kanga-varv-beez","11":"pa_korgus-383","12":"pa_laius-1327","13":"pa_pakkide-arv-226","14":"pa_raami-materjal-metall","15":"pa_raami-tuup-sirged-jalad","16":"pa_raami-varv-must","17":"pa_stiil-kaasaegne","18":"pa_sugavus-1307","19":"pa_vahelaos-jah","20":"pa_varv-beez","21":"pa_varv-must","22":"pa_virnastatav-ei","24":"first","25":"instock","26":"sale","27":"purchasable","28":"product-type-simple"},"_links":{"self":[{"href":"https:\/\/www.nordi.ee\/en\/wp-json\/wp\/v2\/product\/30983","targetHints":{"allow":["GET"]}}],"collection":[{"href":"https:\/\/www.nordi.ee\/en\/wp-json\/wp\/v2\/product"}],"about":[{"href":"https:\/\/www.nordi.ee\/en\/wp-json\/wp\/v2\/types\/product"}],"replies":[{"embeddable":true,"href":"https:\/\/www.nordi.ee\/en\/wp-json\/wp\/v2\/comments?post=30983"}],"wp:featuredmedia":[{"embeddable":true,"href":"https:\/\/www.nordi.ee\/en\/wp-json\/wp\/v2\/media\/15032"}],"wp:attachment":[{"href":"https:\/\/www.nordi.ee\/en\/wp-json\/wp\/v2\/media?parent=30983"}],"wp:term":[{"taxonomy":"product_brand","embeddable":true,"href":"https:\/\/www.nordi.ee\/en\/wp-json\/wp\/v2\/product_brand?post=30983"},{"taxonomy":"product_cat","embeddable":true,"href":"https:\/\/www.nordi.ee\/en\/wp-json\/wp\/v2\/product_cat?post=30983"},{"taxonomy":"product_tag","embeddable":true,"href":"https:\/\/www.nordi.ee\/en\/wp-json\/wp\/v2\/product_tag?post=30983"}],"curies":[{"name":"wp","href":"https:\/\/api.w.org\/{rel}","templated":true}]}}