{"id":30815,"date":"2025-11-12T00:23:55","date_gmt":"2025-11-11T22:23:55","guid":{"rendered":"https:\/\/www.nordi.ee\/toode\/k546-tool-beez\/"},"modified":"2026-04-13T05:12:52","modified_gmt":"2026-04-13T02:12:52","slug":"helio-tool-beez","status":"publish","type":"product","link":"https:\/\/www.nordi.ee\/en\/toode\/helio-tool-beez\/","title":{"rendered":"Tool HELIO, bee\u017e"},"content":{"rendered":"<p>m\u00f5\u00f5dud: 52\/60\/79\/47 cm, p\u00f6\u00f6rlev funktsioon 180\u00b0, materjal: membraankangas \/ pulberkattega teras, v\u00e4rv: bee\u017e<\/p>\n","protected":false},"excerpt":{"rendered":"<p>m\u00f5\u00f5dud: 52\/60\/79\/47 cm, p\u00f6\u00f6rlev funktsioon 180\u00b0, materjal: membraankangas \/ pulberkattega teras, v\u00e4rv: bee\u017e<\/p>\n","protected":false},"featured_media":14956,"comment_status":"closed","ping_status":"closed","template":"","meta":{"_gspb_post_css":""},"product_brand":[],"product_cat":[167,180],"product_tag":[],"class_list":{"0":"post-30815","1":"product","2":"type-product","3":"status-publish","4":"has-post-thumbnail","6":"product_cat-soogituba","7":"product_cat-toolid","8":"pa_istmekorgus-731","9":"pa_kanga-tuup-membraankangas","10":"pa_kanga-varv-beez","11":"pa_korgus-1595","12":"pa_laius-1133","13":"pa_lisafunktsioonid-180-poorlev-iste","14":"pa_pakkide-arv-295","15":"pa_raami-materjal-metall","16":"pa_raami-tuup-sirged-jalad","17":"pa_raami-varv-must","18":"pa_stiil-kaasaegne","19":"pa_sugavus-316","20":"pa_vahelaos-jah","21":"pa_varv-beez","22":"pa_varv-must","23":"pa_virnastatav-ei","25":"first","26":"instock","27":"sale","28":"purchasable","29":"product-type-simple"},"_links":{"self":[{"href":"https:\/\/www.nordi.ee\/en\/wp-json\/wp\/v2\/product\/30815","targetHints":{"allow":["GET"]}}],"collection":[{"href":"https:\/\/www.nordi.ee\/en\/wp-json\/wp\/v2\/product"}],"about":[{"href":"https:\/\/www.nordi.ee\/en\/wp-json\/wp\/v2\/types\/product"}],"replies":[{"embeddable":true,"href":"https:\/\/www.nordi.ee\/en\/wp-json\/wp\/v2\/comments?post=30815"}],"wp:featuredmedia":[{"embeddable":true,"href":"https:\/\/www.nordi.ee\/en\/wp-json\/wp\/v2\/media\/14956"}],"wp:attachment":[{"href":"https:\/\/www.nordi.ee\/en\/wp-json\/wp\/v2\/media?parent=30815"}],"wp:term":[{"taxonomy":"product_brand","embeddable":true,"href":"https:\/\/www.nordi.ee\/en\/wp-json\/wp\/v2\/product_brand?post=30815"},{"taxonomy":"product_cat","embeddable":true,"href":"https:\/\/www.nordi.ee\/en\/wp-json\/wp\/v2\/product_cat?post=30815"},{"taxonomy":"product_tag","embeddable":true,"href":"https:\/\/www.nordi.ee\/en\/wp-json\/wp\/v2\/product_tag?post=30815"}],"curies":[{"name":"wp","href":"https:\/\/api.w.org\/{rel}","templated":true}]}}