{"id":30804,"date":"2025-11-12T00:21:45","date_gmt":"2025-11-11T22:21:45","guid":{"rendered":"https:\/\/www.nordi.ee\/toode\/tool-grayor-hall-pahklipuu\/"},"modified":"2026-04-13T05:12:52","modified_gmt":"2026-04-13T02:12:52","slug":"tool-grayor-hall-pahklipuu","status":"publish","type":"product","link":"https:\/\/www.nordi.ee\/en\/toode\/tool-grayor-hall-pahklipuu\/","title":{"rendered":"Tool GRAYOR, hall \/ p\u00e4hklipuu"},"content":{"rendered":"<p>m\u00f5\u00f5tmed: 63\/53\/83\/51 cm, materjal: k\u00f5verdatud vineer \/ kangas &#8211; ARAGON, v\u00e4rvid: p\u00e4hkel \/ hall ARAGON#97<\/p>\n","protected":false},"excerpt":{"rendered":"<p>m\u00f5\u00f5tmed: 63\/53\/83\/51 cm, materjal: k\u00f5verdatud vineer \/ kangas &#8211; ARAGON, v\u00e4rvid: p\u00e4hkel \/ hall ARAGON#97<\/p>\n","protected":false},"featured_media":14952,"comment_status":"closed","ping_status":"open","template":"","meta":{"_gspb_post_css":""},"product_brand":[],"product_cat":[167,180],"product_tag":[],"class_list":{"0":"post-30804","1":"product","2":"type-product","3":"status-publish","4":"has-post-thumbnail","6":"product_cat-soogituba","7":"product_cat-toolid","8":"pa_istmekorgus-1593","9":"pa_kanga-tuup-kangas","10":"pa_kanga-varv-hall","11":"pa_korgus-383","12":"pa_laius-332","13":"pa_pakkide-arv-226","14":"pa_raami-materjal-liimpuitvineer","15":"pa_raami-tuup-sirged-jalad","16":"pa_raami-varv-pahkel","17":"pa_stiil-kaasaegne","18":"pa_sugavus-1307","19":"pa_vahelaos-jah","20":"pa_varv-hall","21":"pa_varv-pahkel","22":"pa_virnastatav-ei","24":"first","25":"instock","26":"sale","27":"purchasable","28":"product-type-simple"},"_links":{"self":[{"href":"https:\/\/www.nordi.ee\/en\/wp-json\/wp\/v2\/product\/30804","targetHints":{"allow":["GET"]}}],"collection":[{"href":"https:\/\/www.nordi.ee\/en\/wp-json\/wp\/v2\/product"}],"about":[{"href":"https:\/\/www.nordi.ee\/en\/wp-json\/wp\/v2\/types\/product"}],"replies":[{"embeddable":true,"href":"https:\/\/www.nordi.ee\/en\/wp-json\/wp\/v2\/comments?post=30804"}],"wp:featuredmedia":[{"embeddable":true,"href":"https:\/\/www.nordi.ee\/en\/wp-json\/wp\/v2\/media\/14952"}],"wp:attachment":[{"href":"https:\/\/www.nordi.ee\/en\/wp-json\/wp\/v2\/media?parent=30804"}],"wp:term":[{"taxonomy":"product_brand","embeddable":true,"href":"https:\/\/www.nordi.ee\/en\/wp-json\/wp\/v2\/product_brand?post=30804"},{"taxonomy":"product_cat","embeddable":true,"href":"https:\/\/www.nordi.ee\/en\/wp-json\/wp\/v2\/product_cat?post=30804"},{"taxonomy":"product_tag","embeddable":true,"href":"https:\/\/www.nordi.ee\/en\/wp-json\/wp\/v2\/product_tag?post=30804"}],"curies":[{"name":"wp","href":"https:\/\/api.w.org\/{rel}","templated":true}]}}