{"id":30775,"date":"2025-11-12T00:21:45","date_gmt":"2025-11-11T22:21:45","guid":{"rendered":"https:\/\/www.nordi.ee\/toode\/tool-noirra-must-pahklipuu\/"},"modified":"2026-04-13T05:12:49","modified_gmt":"2026-04-13T02:12:49","slug":"tool-noirra-must-pahklipuu","status":"publish","type":"product","link":"https:\/\/www.nordi.ee\/en\/toode\/tool-noirra-must-pahklipuu\/","title":{"rendered":"Tool NOIRRA, must \/ p\u00e4hklipuu"},"content":{"rendered":"<p>m\u00f5\u00f5tmed: 55\/55\/77\/45 cm, materjal: k\u00f5verdatud vineer \/ \u00f6ko nahk, v\u00e4rv: p\u00e4hkel \/ must<\/p>\n","protected":false},"excerpt":{"rendered":"<p>m\u00f5\u00f5tmed: 55\/55\/77\/45 cm, materjal: k\u00f5verdatud vineer \/ \u00f6ko nahk, v\u00e4rv: p\u00e4hkel \/ must<\/p>\n","protected":false},"featured_media":14940,"comment_status":"closed","ping_status":"open","template":"","meta":{"_gspb_post_css":""},"product_brand":[],"product_cat":[167,180],"product_tag":[],"class_list":{"0":"post-30775","1":"product","2":"type-product","3":"status-publish","4":"has-post-thumbnail","6":"product_cat-soogituba","7":"product_cat-toolid","8":"pa_istmekorgus-362","9":"pa_kanga-tuup-kunstnahk","10":"pa_kanga-varv-must","11":"pa_korgus-505","12":"pa_laius-537","13":"pa_pakkide-arv-226","14":"pa_raami-materjal-liimpuitvineer","15":"pa_raami-tuup-sirged-jalad","16":"pa_raami-varv-pahkel","17":"pa_stiil-kaasaegne","18":"pa_sugavus-539","19":"pa_vahelaos-ei","20":"pa_varv-must","21":"pa_varv-pahkel","22":"pa_virnastatav-ei","24":"first","25":"instock","26":"sale","27":"purchasable","28":"product-type-simple"},"_links":{"self":[{"href":"https:\/\/www.nordi.ee\/en\/wp-json\/wp\/v2\/product\/30775","targetHints":{"allow":["GET"]}}],"collection":[{"href":"https:\/\/www.nordi.ee\/en\/wp-json\/wp\/v2\/product"}],"about":[{"href":"https:\/\/www.nordi.ee\/en\/wp-json\/wp\/v2\/types\/product"}],"replies":[{"embeddable":true,"href":"https:\/\/www.nordi.ee\/en\/wp-json\/wp\/v2\/comments?post=30775"}],"wp:featuredmedia":[{"embeddable":true,"href":"https:\/\/www.nordi.ee\/en\/wp-json\/wp\/v2\/media\/14940"}],"wp:attachment":[{"href":"https:\/\/www.nordi.ee\/en\/wp-json\/wp\/v2\/media?parent=30775"}],"wp:term":[{"taxonomy":"product_brand","embeddable":true,"href":"https:\/\/www.nordi.ee\/en\/wp-json\/wp\/v2\/product_brand?post=30775"},{"taxonomy":"product_cat","embeddable":true,"href":"https:\/\/www.nordi.ee\/en\/wp-json\/wp\/v2\/product_cat?post=30775"},{"taxonomy":"product_tag","embeddable":true,"href":"https:\/\/www.nordi.ee\/en\/wp-json\/wp\/v2\/product_tag?post=30775"}],"curies":[{"name":"wp","href":"https:\/\/api.w.org\/{rel}","templated":true}]}}