{"id":30722,"date":"2025-11-12T00:19:49","date_gmt":"2025-11-11T22:19:49","guid":{"rendered":"https:\/\/www.nordi.ee\/toode\/k542-tool-beez-2\/"},"modified":"2026-04-13T05:12:44","modified_gmt":"2026-04-13T02:12:44","slug":"arlena-tool-beez-2","status":"publish","type":"product","link":"https:\/\/www.nordi.ee\/en\/toode\/arlena-tool-beez-2\/","title":{"rendered":"Tool ARLENA, bee\u017e"},"content":{"rendered":"<p>m\u00f5\u00f5tmed: 58\/64\/88\/46 cm, p\u00f6\u00f6rlefunktsioon 180, materjal: kangas &#8211; ODIN \/ pulberkattega teras, v\u00e4rv: bee\u017e ODIN#28<\/p>\n","protected":false},"excerpt":{"rendered":"<p>m\u00f5\u00f5tmed: 58\/64\/88\/46 cm, p\u00f6\u00f6rlefunktsioon 180, materjal: kangas &#8211; ODIN \/ pulberkattega teras, v\u00e4rv: bee\u017e ODIN#28<\/p>\n","protected":false},"featured_media":14916,"comment_status":"closed","ping_status":"closed","template":"","meta":{"_gspb_post_css":""},"product_brand":[],"product_cat":[167,180],"product_tag":[],"class_list":{"0":"post-30722","1":"product","2":"type-product","3":"status-publish","4":"has-post-thumbnail","6":"product_cat-soogituba","7":"product_cat-toolid","8":"pa_istmekorgus-647","9":"pa_kanga-tuup-odin-kangas","10":"pa_kanga-varv-beez","11":"pa_korgus-1219","12":"pa_laius-777","13":"pa_lisafunktsioonid-180-poorlev-iste","14":"pa_pakkide-arv-226","15":"pa_raami-materjal-metall","16":"pa_raami-varv-must","17":"pa_stiil-kaasaegne","18":"pa_sugavus-895","19":"pa_vahelaos-ei","20":"pa_varv-beez","21":"pa_varv-must","22":"pa_virnastatav-ei","24":"first","25":"instock","26":"sale","27":"purchasable","28":"product-type-simple"},"_links":{"self":[{"href":"https:\/\/www.nordi.ee\/en\/wp-json\/wp\/v2\/product\/30722","targetHints":{"allow":["GET"]}}],"collection":[{"href":"https:\/\/www.nordi.ee\/en\/wp-json\/wp\/v2\/product"}],"about":[{"href":"https:\/\/www.nordi.ee\/en\/wp-json\/wp\/v2\/types\/product"}],"replies":[{"embeddable":true,"href":"https:\/\/www.nordi.ee\/en\/wp-json\/wp\/v2\/comments?post=30722"}],"wp:featuredmedia":[{"embeddable":true,"href":"https:\/\/www.nordi.ee\/en\/wp-json\/wp\/v2\/media\/14916"}],"wp:attachment":[{"href":"https:\/\/www.nordi.ee\/en\/wp-json\/wp\/v2\/media?parent=30722"}],"wp:term":[{"taxonomy":"product_brand","embeddable":true,"href":"https:\/\/www.nordi.ee\/en\/wp-json\/wp\/v2\/product_brand?post=30722"},{"taxonomy":"product_cat","embeddable":true,"href":"https:\/\/www.nordi.ee\/en\/wp-json\/wp\/v2\/product_cat?post=30722"},{"taxonomy":"product_tag","embeddable":true,"href":"https:\/\/www.nordi.ee\/en\/wp-json\/wp\/v2\/product_tag?post=30722"}],"curies":[{"name":"wp","href":"https:\/\/api.w.org\/{rel}","templated":true}]}}