{"id":30682,"date":"2025-11-12T00:17:42","date_gmt":"2025-11-11T22:17:42","guid":{"rendered":"https:\/\/www.nordi.ee\/toode\/k540-tool-beez-2\/"},"modified":"2026-04-13T05:12:41","modified_gmt":"2026-04-13T02:12:41","slug":"belmorea-tool-beez-2","status":"publish","type":"product","link":"https:\/\/www.nordi.ee\/en\/toode\/belmorea-tool-beez-2\/","title":{"rendered":"Tool BELMOREA, bee\u017e"},"content":{"rendered":"<p>m\u00f5\u00f5tmed: 60\/63\/89\/51 cm, p\u00f6\u00f6rlev funktsioon 360, kotit\u00e4ienduspurdid istekohtadel, materjal: kangas &#8211; HAGA \/ pulberkattega teras, v\u00e4rv: bee\u017e HAGA#30<\/p>\n","protected":false},"excerpt":{"rendered":"<p>m\u00f5\u00f5tmed: 60\/63\/89\/51 cm, p\u00f6\u00f6rlev funktsioon 360, kotit\u00e4ienduspurdid istekohtadel, materjal: kangas &#8211; HAGA \/ pulberkattega teras, v\u00e4rv: bee\u017e HAGA#30<\/p>\n","protected":false},"featured_media":14900,"comment_status":"closed","ping_status":"closed","template":"","meta":{"_gspb_post_css":""},"product_brand":[],"product_cat":[167,180],"product_tag":[],"class_list":{"0":"post-30682","1":"product","2":"type-product","3":"status-publish","4":"has-post-thumbnail","6":"product_cat-soogituba","7":"product_cat-toolid","8":"pa_istmekorgus-1593","9":"pa_kanga-tuup-haga-kangas","10":"pa_kanga-tuup-kangas","11":"pa_kanga-varv-beez","12":"pa_korgus-1435","13":"pa_laius-310","14":"pa_lisafunktsioonid-360-poorlev-iste","15":"pa_pakkide-arv-226","16":"pa_raami-materjal-metall","17":"pa_raami-tuup-sirged-jalad","18":"pa_raami-varv-must","19":"pa_stiil-kaasaegne","20":"pa_sugavus-483","21":"pa_vahelaos-jah","22":"pa_varv-beez","23":"pa_varv-must","24":"pa_virnastatav-ei","26":"first","27":"instock","28":"sale","29":"purchasable","30":"product-type-simple"},"_links":{"self":[{"href":"https:\/\/www.nordi.ee\/en\/wp-json\/wp\/v2\/product\/30682","targetHints":{"allow":["GET"]}}],"collection":[{"href":"https:\/\/www.nordi.ee\/en\/wp-json\/wp\/v2\/product"}],"about":[{"href":"https:\/\/www.nordi.ee\/en\/wp-json\/wp\/v2\/types\/product"}],"replies":[{"embeddable":true,"href":"https:\/\/www.nordi.ee\/en\/wp-json\/wp\/v2\/comments?post=30682"}],"wp:featuredmedia":[{"embeddable":true,"href":"https:\/\/www.nordi.ee\/en\/wp-json\/wp\/v2\/media\/14900"}],"wp:attachment":[{"href":"https:\/\/www.nordi.ee\/en\/wp-json\/wp\/v2\/media?parent=30682"}],"wp:term":[{"taxonomy":"product_brand","embeddable":true,"href":"https:\/\/www.nordi.ee\/en\/wp-json\/wp\/v2\/product_brand?post=30682"},{"taxonomy":"product_cat","embeddable":true,"href":"https:\/\/www.nordi.ee\/en\/wp-json\/wp\/v2\/product_cat?post=30682"},{"taxonomy":"product_tag","embeddable":true,"href":"https:\/\/www.nordi.ee\/en\/wp-json\/wp\/v2\/product_tag?post=30682"}],"curies":[{"name":"wp","href":"https:\/\/api.w.org\/{rel}","templated":true}]}}