{"id":30544,"date":"2025-11-12T00:12:00","date_gmt":"2025-11-11T22:12:00","guid":{"rendered":"https:\/\/www.nordi.ee\/toode\/k535-tool-beez-2\/"},"modified":"2026-04-13T05:12:30","modified_gmt":"2026-04-13T02:12:30","slug":"fjoreno-tool-beez-2","status":"publish","type":"product","link":"https:\/\/www.nordi.ee\/en\/toode\/fjoreno-tool-beez-2\/","title":{"rendered":"Tool FJORENO, bee\u017e"},"content":{"rendered":"<p>m\u00f5\u00f5tmed: 57\/60\/86\/50 cm, p\u00f6\u00f6rlemisfunktsioon 360\u00b0, materjal: sametkangas &#8211; BLUVEL \/ pulberkattega teras, v\u00e4rv: bee\u017e BLUVEL#40<\/p>\n","protected":false},"excerpt":{"rendered":"<p>m\u00f5\u00f5tmed: 57\/60\/86\/50 cm, p\u00f6\u00f6rlemisfunktsioon 360\u00b0, materjal: sametkangas &#8211; BLUVEL \/ pulberkattega teras, v\u00e4rv: bee\u017e BLUVEL#40<\/p>\n","protected":false},"featured_media":14836,"comment_status":"closed","ping_status":"closed","template":"","meta":{"_gspb_post_css":""},"product_brand":[],"product_cat":[167,180],"product_tag":[],"class_list":{"0":"post-30544","1":"product","2":"type-product","3":"status-publish","4":"has-post-thumbnail","6":"product_cat-soogituba","7":"product_cat-toolid","8":"pa_istmekorgus-334","9":"pa_kanga-tuup-sametkangas","10":"pa_kanga-varv-beez","11":"pa_korgus-1155","12":"pa_laius-431","13":"pa_lisafunktsioonid-360-poorlev-iste","14":"pa_pakkide-arv-226","15":"pa_raami-materjal-metall","16":"pa_raami-tuup-sirged-jalad","17":"pa_raami-varv-must","18":"pa_stiil-kaasaegne","19":"pa_sugavus-316","20":"pa_vahelaos-jah","21":"pa_varv-beez","22":"pa_varv-must","23":"pa_virnastatav-ei","25":"first","26":"instock","27":"sale","28":"purchasable","29":"product-type-simple"},"_links":{"self":[{"href":"https:\/\/www.nordi.ee\/en\/wp-json\/wp\/v2\/product\/30544","targetHints":{"allow":["GET"]}}],"collection":[{"href":"https:\/\/www.nordi.ee\/en\/wp-json\/wp\/v2\/product"}],"about":[{"href":"https:\/\/www.nordi.ee\/en\/wp-json\/wp\/v2\/types\/product"}],"replies":[{"embeddable":true,"href":"https:\/\/www.nordi.ee\/en\/wp-json\/wp\/v2\/comments?post=30544"}],"wp:featuredmedia":[{"embeddable":true,"href":"https:\/\/www.nordi.ee\/en\/wp-json\/wp\/v2\/media\/14836"}],"wp:attachment":[{"href":"https:\/\/www.nordi.ee\/en\/wp-json\/wp\/v2\/media?parent=30544"}],"wp:term":[{"taxonomy":"product_brand","embeddable":true,"href":"https:\/\/www.nordi.ee\/en\/wp-json\/wp\/v2\/product_brand?post=30544"},{"taxonomy":"product_cat","embeddable":true,"href":"https:\/\/www.nordi.ee\/en\/wp-json\/wp\/v2\/product_cat?post=30544"},{"taxonomy":"product_tag","embeddable":true,"href":"https:\/\/www.nordi.ee\/en\/wp-json\/wp\/v2\/product_tag?post=30544"}],"curies":[{"name":"wp","href":"https:\/\/api.w.org\/{rel}","templated":true}]}}