{"id":30528,"date":"2025-11-12T00:10:03","date_gmt":"2025-11-11T22:10:03","guid":{"rendered":"https:\/\/www.nordi.ee\/toode\/k534-tool-beez-2\/"},"modified":"2026-04-13T05:12:28","modified_gmt":"2026-04-13T02:12:28","slug":"leandro-tool-beez-2","status":"publish","type":"product","link":"https:\/\/www.nordi.ee\/en\/toode\/leandro-tool-beez-2\/","title":{"rendered":"Tool LEANDRO, bee\u017e"},"content":{"rendered":"<p>m\u00f5\u00f5tmed: 50\/60\/90\/47 cm, materjal: kangas &#8211; VARDO \/ pulberv\u00e4rvitud teras, v\u00e4rv: bee\u017e VARDO#28<\/p>\n","protected":false},"excerpt":{"rendered":"<p>m\u00f5\u00f5tmed: 50\/60\/90\/47 cm, materjal: kangas &#8211; VARDO \/ pulberv\u00e4rvitud teras, v\u00e4rv: bee\u017e VARDO#28<\/p>\n","protected":false},"featured_media":14828,"comment_status":"closed","ping_status":"closed","template":"","meta":{"_gspb_post_css":""},"product_brand":[],"product_cat":[167,180],"product_tag":[],"class_list":{"0":"post-30528","1":"product","2":"type-product","3":"status-publish","4":"has-post-thumbnail","6":"product_cat-soogituba","7":"product_cat-toolid","8":"pa_istmekorgus-731","9":"pa_kanga-tuup-vardo-kangas","10":"pa_kanga-varv-beez","11":"pa_korgus-678","12":"pa_laius-300","13":"pa_pakkide-arv-226","14":"pa_raami-materjal-metall","15":"pa_raami-tuup-u-kujuline-alus","16":"pa_raami-varv-must","17":"pa_stiil-kaasaegne","18":"pa_sugavus-316","19":"pa_vahelaos-jah","20":"pa_varv-beez","21":"pa_varv-must","22":"pa_virnastatav-ei","24":"first","25":"instock","26":"sale","27":"purchasable","28":"product-type-simple"},"_links":{"self":[{"href":"https:\/\/www.nordi.ee\/en\/wp-json\/wp\/v2\/product\/30528","targetHints":{"allow":["GET"]}}],"collection":[{"href":"https:\/\/www.nordi.ee\/en\/wp-json\/wp\/v2\/product"}],"about":[{"href":"https:\/\/www.nordi.ee\/en\/wp-json\/wp\/v2\/types\/product"}],"replies":[{"embeddable":true,"href":"https:\/\/www.nordi.ee\/en\/wp-json\/wp\/v2\/comments?post=30528"}],"wp:featuredmedia":[{"embeddable":true,"href":"https:\/\/www.nordi.ee\/en\/wp-json\/wp\/v2\/media\/14828"}],"wp:attachment":[{"href":"https:\/\/www.nordi.ee\/en\/wp-json\/wp\/v2\/media?parent=30528"}],"wp:term":[{"taxonomy":"product_brand","embeddable":true,"href":"https:\/\/www.nordi.ee\/en\/wp-json\/wp\/v2\/product_brand?post=30528"},{"taxonomy":"product_cat","embeddable":true,"href":"https:\/\/www.nordi.ee\/en\/wp-json\/wp\/v2\/product_cat?post=30528"},{"taxonomy":"product_tag","embeddable":true,"href":"https:\/\/www.nordi.ee\/en\/wp-json\/wp\/v2\/product_tag?post=30528"}],"curies":[{"name":"wp","href":"https:\/\/api.w.org\/{rel}","templated":true}]}}