{"id":30501,"date":"2025-11-12T00:10:03","date_gmt":"2025-11-11T22:10:03","guid":{"rendered":"https:\/\/www.nordi.ee\/toode\/tool-noirra-must-kaputsiinokohvi\/"},"modified":"2026-04-13T05:12:27","modified_gmt":"2026-04-13T02:12:27","slug":"tool-noirra-must-kaputsiinokohvi","status":"publish","type":"product","link":"https:\/\/www.nordi.ee\/en\/toode\/tool-noirra-must-kaputsiinokohvi\/","title":{"rendered":"Tool NOIRUM, must \/ pruunikas bee\u017e"},"content":{"rendered":"<p>m\u00f5\u00f5tmed: 57\/60\/80\/49 cm, p\u00f6\u00f6rlemise funktsioon 180\u00b0, materjal: kangas &#8211; HAVANA \/ pulberkattega teras, v\u00e4rv: cappuccino HAVANA#39<\/p>\n","protected":false},"excerpt":{"rendered":"<p>m\u00f5\u00f5tmed: 57\/60\/80\/49 cm, p\u00f6\u00f6rlemise funktsioon 180\u00b0, materjal: kangas &#8211; HAVANA \/ pulberkattega teras, v\u00e4rv: cappuccino HAVANA#39<\/p>\n","protected":false},"featured_media":14816,"comment_status":"closed","ping_status":"closed","template":"","meta":{"_gspb_post_css":""},"product_brand":[],"product_cat":[167,180],"product_tag":[],"class_list":{"0":"post-30501","1":"product","2":"type-product","3":"status-publish","4":"has-post-thumbnail","6":"product_cat-soogituba","7":"product_cat-toolid","8":"pa_istmekorgus-222","9":"pa_kanga-tuup-havana-kangas","10":"pa_kanga-varv-pruun","11":"pa_korgus-910","12":"pa_laius-431","13":"pa_lisafunktsioonid-180-poorlev-iste","14":"pa_pakkide-arv-226","15":"pa_raami-materjal-metall","16":"pa_raami-tuup-sirged-jalad","17":"pa_raami-varv-must","18":"pa_stiil-kaasaegne","19":"pa_sugavus-316","20":"pa_vahelaos-jah","21":"pa_varv-must","22":"pa_varv-pruun","23":"pa_virnastatav-ei","25":"first","26":"instock","27":"sale","28":"purchasable","29":"product-type-simple"},"_links":{"self":[{"href":"https:\/\/www.nordi.ee\/en\/wp-json\/wp\/v2\/product\/30501","targetHints":{"allow":["GET"]}}],"collection":[{"href":"https:\/\/www.nordi.ee\/en\/wp-json\/wp\/v2\/product"}],"about":[{"href":"https:\/\/www.nordi.ee\/en\/wp-json\/wp\/v2\/types\/product"}],"replies":[{"embeddable":true,"href":"https:\/\/www.nordi.ee\/en\/wp-json\/wp\/v2\/comments?post=30501"}],"wp:featuredmedia":[{"embeddable":true,"href":"https:\/\/www.nordi.ee\/en\/wp-json\/wp\/v2\/media\/14816"}],"wp:attachment":[{"href":"https:\/\/www.nordi.ee\/en\/wp-json\/wp\/v2\/media?parent=30501"}],"wp:term":[{"taxonomy":"product_brand","embeddable":true,"href":"https:\/\/www.nordi.ee\/en\/wp-json\/wp\/v2\/product_brand?post=30501"},{"taxonomy":"product_cat","embeddable":true,"href":"https:\/\/www.nordi.ee\/en\/wp-json\/wp\/v2\/product_cat?post=30501"},{"taxonomy":"product_tag","embeddable":true,"href":"https:\/\/www.nordi.ee\/en\/wp-json\/wp\/v2\/product_tag?post=30501"}],"curies":[{"name":"wp","href":"https:\/\/api.w.org\/{rel}","templated":true}]}}