{"id":30474,"date":"2025-11-12T00:08:08","date_gmt":"2025-11-11T22:08:08","guid":{"rendered":"https:\/\/www.nordi.ee\/toode\/tool-noirum-must-10\/"},"modified":"2026-04-13T05:12:24","modified_gmt":"2026-04-13T02:12:24","slug":"tool-noirum-must-10","status":"publish","type":"product","link":"https:\/\/www.nordi.ee\/en\/toode\/tool-noirum-must-10\/","title":{"rendered":"Tool NOIRUM, must"},"content":{"rendered":"<p>m\u00f5\u00f5dud: 50\/56\/80\/45 cm, materjal: pol\u00fcprop\u00fcleen, v\u00e4rv: must<\/p>\n","protected":false},"excerpt":{"rendered":"<p>m\u00f5\u00f5dud: 50\/56\/80\/45 cm, materjal: pol\u00fcprop\u00fcleen, v\u00e4rv: must<\/p>\n","protected":false},"featured_media":14804,"comment_status":"closed","ping_status":"open","template":"","meta":{"_gspb_post_css":""},"product_brand":[],"product_cat":[167,180],"product_tag":[],"class_list":{"0":"post-30474","1":"product","2":"type-product","3":"status-publish","4":"has-post-thumbnail","6":"product_cat-soogituba","7":"product_cat-toolid","8":"pa_istmekorgus-362","9":"pa_kanga-tuup-istmel-kangast-ei-ole","10":"pa_korgus-910","11":"pa_laius-300","12":"pa_pakkide-arv-226","13":"pa_raami-materjal-polupropuleen","14":"pa_raami-tuup-sirged-jalad","15":"pa_raami-varv-must","16":"pa_stiil-moodne","17":"pa_stiil-skandinaavia","18":"pa_sugavus-519","19":"pa_tooli-materjal-polupropuleen","20":"pa_vahelaos-jah","21":"pa_varv-must","22":"pa_virnastatav-jah","24":"first","25":"instock","26":"sale","27":"purchasable","28":"product-type-simple"},"_links":{"self":[{"href":"https:\/\/www.nordi.ee\/en\/wp-json\/wp\/v2\/product\/30474","targetHints":{"allow":["GET"]}}],"collection":[{"href":"https:\/\/www.nordi.ee\/en\/wp-json\/wp\/v2\/product"}],"about":[{"href":"https:\/\/www.nordi.ee\/en\/wp-json\/wp\/v2\/types\/product"}],"replies":[{"embeddable":true,"href":"https:\/\/www.nordi.ee\/en\/wp-json\/wp\/v2\/comments?post=30474"}],"wp:featuredmedia":[{"embeddable":true,"href":"https:\/\/www.nordi.ee\/en\/wp-json\/wp\/v2\/media\/14804"}],"wp:attachment":[{"href":"https:\/\/www.nordi.ee\/en\/wp-json\/wp\/v2\/media?parent=30474"}],"wp:term":[{"taxonomy":"product_brand","embeddable":true,"href":"https:\/\/www.nordi.ee\/en\/wp-json\/wp\/v2\/product_brand?post=30474"},{"taxonomy":"product_cat","embeddable":true,"href":"https:\/\/www.nordi.ee\/en\/wp-json\/wp\/v2\/product_cat?post=30474"},{"taxonomy":"product_tag","embeddable":true,"href":"https:\/\/www.nordi.ee\/en\/wp-json\/wp\/v2\/product_tag?post=30474"}],"curies":[{"name":"wp","href":"https:\/\/api.w.org\/{rel}","templated":true}]}}