{"id":30440,"date":"2025-11-12T00:06:14","date_gmt":"2025-11-11T22:06:14","guid":{"rendered":"https:\/\/www.nordi.ee\/toode\/k531-tool-beez-2\/"},"modified":"2026-04-13T05:12:21","modified_gmt":"2026-04-13T02:12:21","slug":"vireo-tool-beez-2","status":"publish","type":"product","link":"https:\/\/www.nordi.ee\/en\/toode\/vireo-tool-beez-2\/","title":{"rendered":"Tool VIREO, bee\u017e"},"content":{"rendered":"<p>m\u00f5\u00f5tmed: 60\/58\/76\/45 cm, materjal: sametkangas &#8211; MAVEL \/ pulberkattega teras, v\u00e4rv: beez MAVEL#28<\/p>\n","protected":false},"excerpt":{"rendered":"<p>m\u00f5\u00f5tmed: 60\/58\/76\/45 cm, materjal: sametkangas &#8211; MAVEL \/ pulberkattega teras, v\u00e4rv: beez MAVEL#28<\/p>\n","protected":false},"featured_media":14788,"comment_status":"closed","ping_status":"closed","template":"","meta":{"_gspb_post_css":""},"product_brand":[],"product_cat":[167,180],"product_tag":[],"class_list":{"0":"post-30440","1":"product","2":"type-product","3":"status-publish","4":"has-post-thumbnail","6":"product_cat-soogituba","7":"product_cat-toolid","8":"pa_istmekorgus-362","9":"pa_kanga-tuup-mavel-kangas","10":"pa_kanga-varv-beez","11":"pa_korgus-406","12":"pa_laius-310","13":"pa_pakkide-arv-226","14":"pa_raami-materjal-metall","15":"pa_raami-tuup-sirged-jalad","16":"pa_raami-varv-must","17":"pa_stiil-loft","18":"pa_stiil-modernne","19":"pa_sugavus-924","20":"pa_vahelaos-ei","21":"pa_varv-beez","22":"pa_varv-must","23":"pa_virnastatav-ei","25":"first","26":"instock","27":"sale","28":"purchasable","29":"product-type-simple"},"_links":{"self":[{"href":"https:\/\/www.nordi.ee\/en\/wp-json\/wp\/v2\/product\/30440","targetHints":{"allow":["GET"]}}],"collection":[{"href":"https:\/\/www.nordi.ee\/en\/wp-json\/wp\/v2\/product"}],"about":[{"href":"https:\/\/www.nordi.ee\/en\/wp-json\/wp\/v2\/types\/product"}],"replies":[{"embeddable":true,"href":"https:\/\/www.nordi.ee\/en\/wp-json\/wp\/v2\/comments?post=30440"}],"wp:featuredmedia":[{"embeddable":true,"href":"https:\/\/www.nordi.ee\/en\/wp-json\/wp\/v2\/media\/14788"}],"wp:attachment":[{"href":"https:\/\/www.nordi.ee\/en\/wp-json\/wp\/v2\/media?parent=30440"}],"wp:term":[{"taxonomy":"product_brand","embeddable":true,"href":"https:\/\/www.nordi.ee\/en\/wp-json\/wp\/v2\/product_brand?post=30440"},{"taxonomy":"product_cat","embeddable":true,"href":"https:\/\/www.nordi.ee\/en\/wp-json\/wp\/v2\/product_cat?post=30440"},{"taxonomy":"product_tag","embeddable":true,"href":"https:\/\/www.nordi.ee\/en\/wp-json\/wp\/v2\/product_tag?post=30440"}],"curies":[{"name":"wp","href":"https:\/\/api.w.org\/{rel}","templated":true}]}}