{"id":30422,"date":"2025-11-12T00:06:14","date_gmt":"2025-11-11T22:06:14","guid":{"rendered":"https:\/\/www.nordi.ee\/toode\/k530-tool-valge-naturaalne\/"},"modified":"2026-04-13T05:12:20","modified_gmt":"2026-04-13T02:12:20","slug":"soleno-tool-valge-naturaalne","status":"publish","type":"product","link":"https:\/\/www.nordi.ee\/en\/toode\/soleno-tool-valge-naturaalne\/","title":{"rendered":"Tool SOLENO, valge \/ naturaalne"},"content":{"rendered":"<p>m\u00f5\u00f5dud: 57\/52\/80\/45 cm, materjal: pol\u00fcprop\u00fcleen, v\u00e4rv: valge \/ looduslik<\/p>\n","protected":false},"excerpt":{"rendered":"<p>m\u00f5\u00f5dud: 57\/52\/80\/45 cm, materjal: pol\u00fcprop\u00fcleen, v\u00e4rv: valge \/ looduslik<\/p>\n","protected":false},"featured_media":14780,"comment_status":"closed","ping_status":"closed","template":"","meta":{"_gspb_post_css":""},"product_brand":[],"product_cat":[167,180],"product_tag":[],"class_list":{"0":"post-30422","1":"product","2":"type-product","3":"status-publish","4":"has-post-thumbnail","6":"product_cat-soogituba","7":"product_cat-toolid","8":"pa_istmekorgus-362","9":"pa_kanga-tuup-istmel-kangast-ei-ole","10":"pa_kanga-varv-puiduimmitatsioon","11":"pa_korgus-910","12":"pa_laius-431","13":"pa_pakkide-arv-226","14":"pa_raami-materjal-polupropuleen","15":"pa_raami-tuup-sirged-jalad","16":"pa_raami-varv-valge","17":"pa_stiil-moodne","18":"pa_stiil-skandinaavia","19":"pa_sugavus-1322","20":"pa_tooli-materjal-polupropuleen","21":"pa_vahelaos-jah","22":"pa_varv-puit","23":"pa_varv-valge","24":"pa_virnastatav-jah","26":"first","27":"instock","28":"sale","29":"purchasable","30":"product-type-simple"},"_links":{"self":[{"href":"https:\/\/www.nordi.ee\/en\/wp-json\/wp\/v2\/product\/30422","targetHints":{"allow":["GET"]}}],"collection":[{"href":"https:\/\/www.nordi.ee\/en\/wp-json\/wp\/v2\/product"}],"about":[{"href":"https:\/\/www.nordi.ee\/en\/wp-json\/wp\/v2\/types\/product"}],"replies":[{"embeddable":true,"href":"https:\/\/www.nordi.ee\/en\/wp-json\/wp\/v2\/comments?post=30422"}],"wp:featuredmedia":[{"embeddable":true,"href":"https:\/\/www.nordi.ee\/en\/wp-json\/wp\/v2\/media\/14780"}],"wp:attachment":[{"href":"https:\/\/www.nordi.ee\/en\/wp-json\/wp\/v2\/media?parent=30422"}],"wp:term":[{"taxonomy":"product_brand","embeddable":true,"href":"https:\/\/www.nordi.ee\/en\/wp-json\/wp\/v2\/product_brand?post=30422"},{"taxonomy":"product_cat","embeddable":true,"href":"https:\/\/www.nordi.ee\/en\/wp-json\/wp\/v2\/product_cat?post=30422"},{"taxonomy":"product_tag","embeddable":true,"href":"https:\/\/www.nordi.ee\/en\/wp-json\/wp\/v2\/product_tag?post=30422"}],"curies":[{"name":"wp","href":"https:\/\/api.w.org\/{rel}","templated":true}]}}