{"id":30414,"date":"2025-11-12T00:06:14","date_gmt":"2025-11-11T22:06:14","guid":{"rendered":"https:\/\/www.nordi.ee\/toode\/tool-noren-must-looduslik\/"},"modified":"2026-04-13T05:12:19","modified_gmt":"2026-04-13T02:12:19","slug":"tool-noren-must-looduslik","status":"publish","type":"product","link":"https:\/\/www.nordi.ee\/en\/toode\/tool-noren-must-looduslik\/","title":{"rendered":"Tool NOREN, must \/ looduslik"},"content":{"rendered":"<p>m\u00f5\u00f5tmed: 42\/51\/83\/46 cm, materjal: pol\u00fcprop\u00fcleen, v\u00e4rv: valge<\/p>\n","protected":false},"excerpt":{"rendered":"<p>m\u00f5\u00f5tmed: 42\/51\/83\/46 cm, materjal: pol\u00fcprop\u00fcleen, v\u00e4rv: valge<\/p>\n","protected":false},"featured_media":14776,"comment_status":"closed","ping_status":"open","template":"","meta":{"_gspb_post_css":""},"product_brand":[],"product_cat":[167,180],"product_tag":[],"class_list":{"0":"post-30414","1":"product","2":"type-product","3":"status-publish","4":"has-post-thumbnail","6":"product_cat-soogituba","7":"product_cat-toolid","8":"pa_istmekorgus-647","9":"pa_kanga-tuup-istmel-kangast-ei-ole","10":"pa_kanga-varv-puiduimmitatsioon","11":"pa_korgus-383","12":"pa_laius-722","13":"pa_pakkide-arv-226","14":"pa_raami-materjal-polupropuleen","15":"pa_raami-tuup-sirged-jalad","16":"pa_raami-varv-must","17":"pa_stiil-moodne","18":"pa_stiil-skandinaavia","19":"pa_sugavus-433","20":"pa_tooli-materjal-polupropuleen","21":"pa_vahelaos-jah","22":"pa_varv-must","23":"pa_varv-puit","24":"pa_virnastatav-jah","26":"first","27":"instock","28":"sale","29":"purchasable","30":"product-type-simple"},"_links":{"self":[{"href":"https:\/\/www.nordi.ee\/en\/wp-json\/wp\/v2\/product\/30414","targetHints":{"allow":["GET"]}}],"collection":[{"href":"https:\/\/www.nordi.ee\/en\/wp-json\/wp\/v2\/product"}],"about":[{"href":"https:\/\/www.nordi.ee\/en\/wp-json\/wp\/v2\/types\/product"}],"replies":[{"embeddable":true,"href":"https:\/\/www.nordi.ee\/en\/wp-json\/wp\/v2\/comments?post=30414"}],"wp:featuredmedia":[{"embeddable":true,"href":"https:\/\/www.nordi.ee\/en\/wp-json\/wp\/v2\/media\/14776"}],"wp:attachment":[{"href":"https:\/\/www.nordi.ee\/en\/wp-json\/wp\/v2\/media?parent=30414"}],"wp:term":[{"taxonomy":"product_brand","embeddable":true,"href":"https:\/\/www.nordi.ee\/en\/wp-json\/wp\/v2\/product_brand?post=30414"},{"taxonomy":"product_cat","embeddable":true,"href":"https:\/\/www.nordi.ee\/en\/wp-json\/wp\/v2\/product_cat?post=30414"},{"taxonomy":"product_tag","embeddable":true,"href":"https:\/\/www.nordi.ee\/en\/wp-json\/wp\/v2\/product_tag?post=30414"}],"curies":[{"name":"wp","href":"https:\/\/api.w.org\/{rel}","templated":true}]}}