{"id":30159,"date":"2025-11-11T23:53:07","date_gmt":"2025-11-11T21:53:07","guid":{"rendered":"https:\/\/www.nordi.ee\/toode\/k520-tool-beez-must\/"},"modified":"2026-04-13T05:11:59","modified_gmt":"2026-04-13T02:11:59","slug":"monito-tool-beez-must","status":"publish","type":"product","link":"https:\/\/www.nordi.ee\/en\/toode\/monito-tool-beez-must\/","title":{"rendered":"Tool MONITO, bee\u017e \/ must"},"content":{"rendered":"<p>m\u00f5\u00f5tmed: 45\/63\/80\/42 cm, p\u00f6\u00f6rdfunktsioon 360, materjal: sametkangas \/ pulberv\u00e4rvitud teras, v\u00e4rv: bee\u017e &#8211; BLUVEL 40<\/p>\n","protected":false},"excerpt":{"rendered":"<p>m\u00f5\u00f5tmed: 45\/63\/80\/42 cm, p\u00f6\u00f6rdfunktsioon 360, materjal: sametkangas \/ pulberv\u00e4rvitud teras, v\u00e4rv: bee\u017e &#8211; BLUVEL 40<\/p>\n","protected":false},"featured_media":14671,"comment_status":"closed","ping_status":"closed","template":"","meta":{"_gspb_post_css":""},"product_brand":[],"product_cat":[167,180],"product_tag":[],"class_list":{"0":"post-30159","1":"product","2":"type-product","3":"status-publish","4":"has-post-thumbnail","6":"product_cat-soogituba","7":"product_cat-toolid","8":"pa_istmekorgus-826","9":"pa_kanga-tuup-sametkangas","10":"pa_kanga-varv-beez","11":"pa_korgus-910","12":"pa_laius-450","13":"pa_lisafunktsioonid-360-poorlev-iste","14":"pa_pakkide-arv-226","15":"pa_raami-materjal-metall","16":"pa_raami-tuup-sirged-jalad","17":"pa_raami-varv-must","18":"pa_stiil-klassikaline","19":"pa_stiil-moodne","20":"pa_sugavus-483","21":"pa_vahelaos-jah","22":"pa_varv-beez","23":"pa_varv-must","24":"pa_virnastatav-ei","26":"first","27":"instock","28":"sale","29":"purchasable","30":"product-type-simple"},"_links":{"self":[{"href":"https:\/\/www.nordi.ee\/en\/wp-json\/wp\/v2\/product\/30159","targetHints":{"allow":["GET"]}}],"collection":[{"href":"https:\/\/www.nordi.ee\/en\/wp-json\/wp\/v2\/product"}],"about":[{"href":"https:\/\/www.nordi.ee\/en\/wp-json\/wp\/v2\/types\/product"}],"replies":[{"embeddable":true,"href":"https:\/\/www.nordi.ee\/en\/wp-json\/wp\/v2\/comments?post=30159"}],"wp:featuredmedia":[{"embeddable":true,"href":"https:\/\/www.nordi.ee\/en\/wp-json\/wp\/v2\/media\/14671"}],"wp:attachment":[{"href":"https:\/\/www.nordi.ee\/en\/wp-json\/wp\/v2\/media?parent=30159"}],"wp:term":[{"taxonomy":"product_brand","embeddable":true,"href":"https:\/\/www.nordi.ee\/en\/wp-json\/wp\/v2\/product_brand?post=30159"},{"taxonomy":"product_cat","embeddable":true,"href":"https:\/\/www.nordi.ee\/en\/wp-json\/wp\/v2\/product_cat?post=30159"},{"taxonomy":"product_tag","embeddable":true,"href":"https:\/\/www.nordi.ee\/en\/wp-json\/wp\/v2\/product_tag?post=30159"}],"curies":[{"name":"wp","href":"https:\/\/api.w.org\/{rel}","templated":true}]}}