{"id":29972,"date":"2025-11-11T23:46:17","date_gmt":"2025-11-11T21:46:17","guid":{"rendered":"https:\/\/www.nordi.ee\/toode\/tool-helora-helesinine\/"},"modified":"2026-04-13T05:11:43","modified_gmt":"2026-04-13T02:11:43","slug":"tool-helora-helesinine","status":"publish","type":"product","link":"https:\/\/www.nordi.ee\/en\/toode\/tool-helora-helesinine\/","title":{"rendered":"Tool HELORA, helesinine"},"content":{"rendered":"<p>m\u00f5\u00f5tmed: 42\/55\/79\/47 cm, materjal: pol\u00fcprop\u00fcleen, v\u00e4rv: helesinine<\/p>\n","protected":false},"excerpt":{"rendered":"<p>m\u00f5\u00f5tmed: 42\/55\/79\/47 cm, materjal: pol\u00fcprop\u00fcleen, v\u00e4rv: helesinine<\/p>\n","protected":false},"featured_media":14599,"comment_status":"closed","ping_status":"open","template":"","meta":{"_gspb_post_css":""},"product_brand":[],"product_cat":[167,180],"product_tag":[],"class_list":{"0":"post-29972","1":"product","2":"type-product","3":"status-publish","4":"has-post-thumbnail","6":"product_cat-soogituba","7":"product_cat-toolid","8":"pa_istmekorgus-731","9":"pa_kanga-tuup-istmel-kangast-ei-ole","10":"pa_kanga-varv-ilma-polstrita","11":"pa_korgus-1595","12":"pa_laius-722","13":"pa_pakkide-arv-226","14":"pa_raami-materjal-polupropuleen","15":"pa_raami-tuup-sirged-jalad","16":"pa_raami-varv-helesinine","17":"pa_stiil-moodne","18":"pa_stiil-skandinaavia","19":"pa_sugavus-539","20":"pa_tooli-materjal-polupropuleen","21":"pa_vahelaos-jah","22":"pa_varv-sinine","23":"pa_virnastatav-jah","25":"first","26":"instock","27":"sale","28":"purchasable","29":"product-type-simple"},"_links":{"self":[{"href":"https:\/\/www.nordi.ee\/en\/wp-json\/wp\/v2\/product\/29972","targetHints":{"allow":["GET"]}}],"collection":[{"href":"https:\/\/www.nordi.ee\/en\/wp-json\/wp\/v2\/product"}],"about":[{"href":"https:\/\/www.nordi.ee\/en\/wp-json\/wp\/v2\/types\/product"}],"replies":[{"embeddable":true,"href":"https:\/\/www.nordi.ee\/en\/wp-json\/wp\/v2\/comments?post=29972"}],"wp:featuredmedia":[{"embeddable":true,"href":"https:\/\/www.nordi.ee\/en\/wp-json\/wp\/v2\/media\/14599"}],"wp:attachment":[{"href":"https:\/\/www.nordi.ee\/en\/wp-json\/wp\/v2\/media?parent=29972"}],"wp:term":[{"taxonomy":"product_brand","embeddable":true,"href":"https:\/\/www.nordi.ee\/en\/wp-json\/wp\/v2\/product_brand?post=29972"},{"taxonomy":"product_cat","embeddable":true,"href":"https:\/\/www.nordi.ee\/en\/wp-json\/wp\/v2\/product_cat?post=29972"},{"taxonomy":"product_tag","embeddable":true,"href":"https:\/\/www.nordi.ee\/en\/wp-json\/wp\/v2\/product_tag?post=29972"}],"curies":[{"name":"wp","href":"https:\/\/api.w.org\/{rel}","templated":true}]}}