{"id":29912,"date":"2025-11-11T23:41:52","date_gmt":"2025-11-11T21:41:52","guid":{"rendered":"https:\/\/www.nordi.ee\/toode\/tool-sinmar-sinepivarvi-2\/"},"modified":"2026-04-13T05:11:38","modified_gmt":"2026-04-13T02:11:38","slug":"tool-sinmar-sinepivarvi-2","status":"publish","type":"product","link":"https:\/\/www.nordi.ee\/en\/toode\/tool-sinmar-sinepivarvi-2\/","title":{"rendered":"Tool SINMAR, sinepiv\u00e4rvi"},"content":{"rendered":"<p>m\u00f5\u00f5tmed: 49\/55\/85\/50 cm, materjal: sametkangas \/ kroomteras, v\u00e4rv: sinep &#8211; BLUVEL 68<\/p>\n","protected":false},"excerpt":{"rendered":"<p>m\u00f5\u00f5tmed: 49\/55\/85\/50 cm, materjal: sametkangas \/ kroomteras, v\u00e4rv: sinep &#8211; BLUVEL 68<\/p>\n","protected":false},"featured_media":14575,"comment_status":"closed","ping_status":"open","template":"","meta":{"_gspb_post_css":""},"product_brand":[],"product_cat":[167,180],"product_tag":[],"class_list":{"0":"post-29912","1":"product","2":"type-product","3":"status-publish","4":"has-post-thumbnail","6":"product_cat-soogituba","7":"product_cat-toolid","8":"pa_istmekorgus-334","9":"pa_kanga-tuup-sametkangas","10":"pa_kanga-varv-sinepikollane","11":"pa_korgus-742","12":"pa_laius-1543","13":"pa_pakkide-arv-226","14":"pa_raami-materjal-metall","15":"pa_raami-tuup-u-kujuline-alus","16":"pa_raami-varv-kroomitud","17":"pa_stiil-modernne","18":"pa_stiil-retro","19":"pa_sugavus-539","20":"pa_vahelaos-jah","21":"pa_varv-kroomitud","22":"pa_varv-sinep","23":"pa_virnastatav-ei","25":"first","26":"instock","27":"sale","28":"purchasable","29":"product-type-simple"},"_links":{"self":[{"href":"https:\/\/www.nordi.ee\/en\/wp-json\/wp\/v2\/product\/29912","targetHints":{"allow":["GET"]}}],"collection":[{"href":"https:\/\/www.nordi.ee\/en\/wp-json\/wp\/v2\/product"}],"about":[{"href":"https:\/\/www.nordi.ee\/en\/wp-json\/wp\/v2\/types\/product"}],"replies":[{"embeddable":true,"href":"https:\/\/www.nordi.ee\/en\/wp-json\/wp\/v2\/comments?post=29912"}],"wp:featuredmedia":[{"embeddable":true,"href":"https:\/\/www.nordi.ee\/en\/wp-json\/wp\/v2\/media\/14575"}],"wp:attachment":[{"href":"https:\/\/www.nordi.ee\/en\/wp-json\/wp\/v2\/media?parent=29912"}],"wp:term":[{"taxonomy":"product_brand","embeddable":true,"href":"https:\/\/www.nordi.ee\/en\/wp-json\/wp\/v2\/product_brand?post=29912"},{"taxonomy":"product_cat","embeddable":true,"href":"https:\/\/www.nordi.ee\/en\/wp-json\/wp\/v2\/product_cat?post=29912"},{"taxonomy":"product_tag","embeddable":true,"href":"https:\/\/www.nordi.ee\/en\/wp-json\/wp\/v2\/product_tag?post=29912"}],"curies":[{"name":"wp","href":"https:\/\/api.w.org\/{rel}","templated":true}]}}