{"id":29857,"date":"2025-11-11T23:39:29","date_gmt":"2025-11-11T21:39:29","guid":{"rendered":"https:\/\/www.nordi.ee\/toode\/tool-prism-mitmevarviline-2\/"},"modified":"2026-04-13T05:11:33","modified_gmt":"2026-04-13T02:11:33","slug":"tool-prism-mitmevarviline-2","status":"publish","type":"product","link":"https:\/\/www.nordi.ee\/en\/toode\/tool-prism-mitmevarviline-2\/","title":{"rendered":"Tool PRISM, mitmev\u00e4rviline"},"content":{"rendered":"<p>m\u00f5\u00f5tmed: 55\/60\/82\/50 cm, materjal: sametkangas \/ pulberkattega teras, v\u00e4rvid: mitmev\u00e4rviline (HLR 66)<\/p>\n","protected":false},"excerpt":{"rendered":"<p>m\u00f5\u00f5tmed: 55\/60\/82\/50 cm, materjal: sametkangas \/ pulberkattega teras, v\u00e4rvid: mitmev\u00e4rviline (HLR 66)<\/p>\n","protected":false},"featured_media":14551,"comment_status":"closed","ping_status":"open","template":"","meta":{"_gspb_post_css":""},"product_brand":[],"product_cat":[167,180],"product_tag":[],"class_list":{"0":"post-29857","1":"product","2":"type-product","3":"status-publish","4":"has-post-thumbnail","6":"product_cat-soogituba","7":"product_cat-toolid","8":"pa_istmekorgus-334","9":"pa_kanga-tuup-sametkangas","10":"pa_kanga-varv-mitmevarviline","11":"pa_kanga-varv-must","12":"pa_korgus-1573","13":"pa_laius-537","14":"pa_pakkide-arv-226","15":"pa_raami-materjal-metall","16":"pa_raami-tuup-sirged-jalad","17":"pa_raami-varv-must","18":"pa_stiil-klassikaline","19":"pa_stiil-modernne","20":"pa_sugavus-316","21":"pa_vahelaos-jah","22":"pa_varv-mitmevarviline","23":"pa_varv-must","24":"pa_virnastatav-ei","26":"first","27":"instock","28":"sale","29":"purchasable","30":"product-type-simple"},"_links":{"self":[{"href":"https:\/\/www.nordi.ee\/en\/wp-json\/wp\/v2\/product\/29857","targetHints":{"allow":["GET"]}}],"collection":[{"href":"https:\/\/www.nordi.ee\/en\/wp-json\/wp\/v2\/product"}],"about":[{"href":"https:\/\/www.nordi.ee\/en\/wp-json\/wp\/v2\/types\/product"}],"replies":[{"embeddable":true,"href":"https:\/\/www.nordi.ee\/en\/wp-json\/wp\/v2\/comments?post=29857"}],"wp:featuredmedia":[{"embeddable":true,"href":"https:\/\/www.nordi.ee\/en\/wp-json\/wp\/v2\/media\/14551"}],"wp:attachment":[{"href":"https:\/\/www.nordi.ee\/en\/wp-json\/wp\/v2\/media?parent=29857"}],"wp:term":[{"taxonomy":"product_brand","embeddable":true,"href":"https:\/\/www.nordi.ee\/en\/wp-json\/wp\/v2\/product_brand?post=29857"},{"taxonomy":"product_cat","embeddable":true,"href":"https:\/\/www.nordi.ee\/en\/wp-json\/wp\/v2\/product_cat?post=29857"},{"taxonomy":"product_tag","embeddable":true,"href":"https:\/\/www.nordi.ee\/en\/wp-json\/wp\/v2\/product_tag?post=29857"}],"curies":[{"name":"wp","href":"https:\/\/api.w.org\/{rel}","templated":true}]}}