{"id":29848,"date":"2025-11-11T23:39:29","date_gmt":"2025-11-11T21:39:29","guid":{"rendered":"https:\/\/www.nordi.ee\/toode\/tool-prism-mitmevarviline\/"},"modified":"2026-04-13T05:11:32","modified_gmt":"2026-04-13T02:11:32","slug":"tool-prism-mitmevarviline","status":"publish","type":"product","link":"https:\/\/www.nordi.ee\/en\/toode\/tool-prism-mitmevarviline\/","title":{"rendered":"Tool PRISM, mitmev\u00e4rviline"},"content":{"rendered":"<p>m\u00f5\u00f5tmed: 51\/55\/86\/46 cm, materjal: sametkangas \/ pulberkattega teras, v\u00e4rvid: mitmev\u00e4rviline (HLR 66)<\/p>\n","protected":false},"excerpt":{"rendered":"<p>m\u00f5\u00f5tmed: 51\/55\/86\/46 cm, materjal: sametkangas \/ pulberkattega teras, v\u00e4rvid: mitmev\u00e4rviline (HLR 66)<\/p>\n","protected":false},"featured_media":14547,"comment_status":"closed","ping_status":"open","template":"","meta":{"_gspb_post_css":""},"product_brand":[],"product_cat":[167,180],"product_tag":[],"class_list":{"0":"post-29848","1":"product","2":"type-product","3":"status-publish","4":"has-post-thumbnail","6":"product_cat-soogituba","7":"product_cat-toolid","8":"pa_istmekorgus-647","9":"pa_kanga-tuup-sametkangas","10":"pa_kanga-varv-mitmevarviline","11":"pa_kanga-varv-must","12":"pa_korgus-1155","13":"pa_laius-1379","14":"pa_pakkide-arv-226","15":"pa_raami-materjal-metall","16":"pa_raami-tuup-sirged-jalad","17":"pa_raami-varv-must","18":"pa_stiil-klassikaline","19":"pa_stiil-modernne","20":"pa_sugavus-539","21":"pa_vahelaos-jah","22":"pa_varv-mitmevarviline","23":"pa_varv-must","24":"pa_virnastatav-ei","26":"first","27":"instock","28":"sale","29":"purchasable","30":"product-type-simple"},"_links":{"self":[{"href":"https:\/\/www.nordi.ee\/en\/wp-json\/wp\/v2\/product\/29848","targetHints":{"allow":["GET"]}}],"collection":[{"href":"https:\/\/www.nordi.ee\/en\/wp-json\/wp\/v2\/product"}],"about":[{"href":"https:\/\/www.nordi.ee\/en\/wp-json\/wp\/v2\/types\/product"}],"replies":[{"embeddable":true,"href":"https:\/\/www.nordi.ee\/en\/wp-json\/wp\/v2\/comments?post=29848"}],"wp:featuredmedia":[{"embeddable":true,"href":"https:\/\/www.nordi.ee\/en\/wp-json\/wp\/v2\/media\/14547"}],"wp:attachment":[{"href":"https:\/\/www.nordi.ee\/en\/wp-json\/wp\/v2\/media?parent=29848"}],"wp:term":[{"taxonomy":"product_brand","embeddable":true,"href":"https:\/\/www.nordi.ee\/en\/wp-json\/wp\/v2\/product_brand?post=29848"},{"taxonomy":"product_cat","embeddable":true,"href":"https:\/\/www.nordi.ee\/en\/wp-json\/wp\/v2\/product_cat?post=29848"},{"taxonomy":"product_tag","embeddable":true,"href":"https:\/\/www.nordi.ee\/en\/wp-json\/wp\/v2\/product_tag?post=29848"}],"curies":[{"name":"wp","href":"https:\/\/api.w.org\/{rel}","templated":true}]}}