{"id":29690,"date":"2025-11-11T23:32:05","date_gmt":"2025-11-11T21:32:05","guid":{"rendered":"https:\/\/www.nordi.ee\/toode\/tool-sinor-sinepivarvi\/"},"modified":"2026-04-13T05:11:20","modified_gmt":"2026-04-13T02:11:20","slug":"tool-sinor-sinepivarvi","status":"publish","type":"product","link":"https:\/\/www.nordi.ee\/en\/toode\/tool-sinor-sinepivarvi\/","title":{"rendered":"Tool SINOR, sinepiv\u00e4rvi"},"content":{"rendered":"<p>m\u00f5\u00f5tmed: 60\/65\/87\/51 cm, p\u00f6\u00f6rdfunktsioon 180, materjal: kangas \/ pulberkattega teras, v\u00e4rv: sinep ODIN #68<\/p>\n","protected":false},"excerpt":{"rendered":"<p>m\u00f5\u00f5tmed: 60\/65\/87\/51 cm, p\u00f6\u00f6rdfunktsioon 180, materjal: kangas \/ pulberkattega teras, v\u00e4rv: sinep ODIN #68<\/p>\n","protected":false},"featured_media":14478,"comment_status":"closed","ping_status":"open","template":"","meta":{"_gspb_post_css":""},"product_brand":[],"product_cat":[167,180],"product_tag":[],"class_list":{"0":"post-29690","1":"product","2":"type-product","3":"status-publish","4":"has-post-thumbnail","6":"product_cat-soogituba","7":"product_cat-toolid","8":"pa_istmekorgus-1593","9":"pa_kanga-tuup-odin-kangas","10":"pa_kanga-varv-sinepikollane","11":"pa_korgus-455","12":"pa_laius-310","13":"pa_lisafunktsioonid-180-poorlev-iste","14":"pa_pakkide-arv-226","15":"pa_raami-materjal-metall","16":"pa_raami-tuup-sirged-jalad","17":"pa_raami-varv-must","18":"pa_stiil-kaasaegne","19":"pa_sugavus-563","20":"pa_vahelaos-ei","21":"pa_varv-must","22":"pa_varv-sinep","23":"pa_virnastatav-ei","25":"first","26":"instock","27":"sale","28":"purchasable","29":"product-type-simple"},"_links":{"self":[{"href":"https:\/\/www.nordi.ee\/en\/wp-json\/wp\/v2\/product\/29690","targetHints":{"allow":["GET"]}}],"collection":[{"href":"https:\/\/www.nordi.ee\/en\/wp-json\/wp\/v2\/product"}],"about":[{"href":"https:\/\/www.nordi.ee\/en\/wp-json\/wp\/v2\/types\/product"}],"replies":[{"embeddable":true,"href":"https:\/\/www.nordi.ee\/en\/wp-json\/wp\/v2\/comments?post=29690"}],"wp:featuredmedia":[{"embeddable":true,"href":"https:\/\/www.nordi.ee\/en\/wp-json\/wp\/v2\/media\/14478"}],"wp:attachment":[{"href":"https:\/\/www.nordi.ee\/en\/wp-json\/wp\/v2\/media?parent=29690"}],"wp:term":[{"taxonomy":"product_brand","embeddable":true,"href":"https:\/\/www.nordi.ee\/en\/wp-json\/wp\/v2\/product_brand?post=29690"},{"taxonomy":"product_cat","embeddable":true,"href":"https:\/\/www.nordi.ee\/en\/wp-json\/wp\/v2\/product_cat?post=29690"},{"taxonomy":"product_tag","embeddable":true,"href":"https:\/\/www.nordi.ee\/en\/wp-json\/wp\/v2\/product_tag?post=29690"}],"curies":[{"name":"wp","href":"https:\/\/api.w.org\/{rel}","templated":true}]}}