{"id":29579,"date":"2025-11-11T23:27:36","date_gmt":"2025-11-11T21:27:36","guid":{"rendered":"https:\/\/www.nordi.ee\/toode\/k490-tool-piparmunt\/"},"modified":"2026-04-13T05:11:12","modified_gmt":"2026-04-13T02:11:12","slug":"perio-tool-piparmunt","status":"publish","type":"product","link":"https:\/\/www.nordi.ee\/en\/toode\/perio-tool-piparmunt\/","title":{"rendered":"Tool PERIO, piparm\u00fcnt"},"content":{"rendered":"<p>m\u00f5\u00f5tmed: 46\/55\/80\/46 cm, materjal: pol\u00fcprop\u00fcleen, v\u00e4rv: m\u00fcnt<\/p>\n","protected":false},"excerpt":{"rendered":"<p>m\u00f5\u00f5tmed: 46\/55\/80\/46 cm, materjal: pol\u00fcprop\u00fcleen, v\u00e4rv: m\u00fcnt<\/p>\n","protected":false},"featured_media":14430,"comment_status":"closed","ping_status":"closed","template":"","meta":{"_gspb_post_css":""},"product_brand":[],"product_cat":[167,180],"product_tag":[],"class_list":{"0":"post-29579","1":"product","2":"type-product","3":"status-publish","4":"has-post-thumbnail","6":"product_cat-soogituba","7":"product_cat-toolid","8":"pa_istmekorgus-647","9":"pa_kanga-tuup-istmel-kangast-ei-ole","10":"pa_kanga-varv-ilma-polstrita","11":"pa_korgus-910","12":"pa_laius-874","13":"pa_pakkide-arv-226","14":"pa_raami-materjal-polupropuleen","15":"pa_raami-tuup-sirged-jalad","16":"pa_stiil-moodne","17":"pa_stiil-skandinaavia","18":"pa_sugavus-539","19":"pa_tooli-materjal-polupropuleen","20":"pa_vahelaos-jah","21":"pa_virnastatav-jah","23":"first","24":"instock","25":"sale","26":"purchasable","27":"product-type-simple"},"_links":{"self":[{"href":"https:\/\/www.nordi.ee\/en\/wp-json\/wp\/v2\/product\/29579","targetHints":{"allow":["GET"]}}],"collection":[{"href":"https:\/\/www.nordi.ee\/en\/wp-json\/wp\/v2\/product"}],"about":[{"href":"https:\/\/www.nordi.ee\/en\/wp-json\/wp\/v2\/types\/product"}],"replies":[{"embeddable":true,"href":"https:\/\/www.nordi.ee\/en\/wp-json\/wp\/v2\/comments?post=29579"}],"wp:featuredmedia":[{"embeddable":true,"href":"https:\/\/www.nordi.ee\/en\/wp-json\/wp\/v2\/media\/14430"}],"wp:attachment":[{"href":"https:\/\/www.nordi.ee\/en\/wp-json\/wp\/v2\/media?parent=29579"}],"wp:term":[{"taxonomy":"product_brand","embeddable":true,"href":"https:\/\/www.nordi.ee\/en\/wp-json\/wp\/v2\/product_brand?post=29579"},{"taxonomy":"product_cat","embeddable":true,"href":"https:\/\/www.nordi.ee\/en\/wp-json\/wp\/v2\/product_cat?post=29579"},{"taxonomy":"product_tag","embeddable":true,"href":"https:\/\/www.nordi.ee\/en\/wp-json\/wp\/v2\/product_tag?post=29579"}],"curies":[{"name":"wp","href":"https:\/\/api.w.org\/{rel}","templated":true}]}}