{"id":29508,"date":"2025-11-11T23:24:19","date_gmt":"2025-11-11T21:24:19","guid":{"rendered":"https:\/\/www.nordi.ee\/toode\/tool-norvik-naturaalne-must\/"},"modified":"2026-04-13T05:11:04","modified_gmt":"2026-04-13T02:11:04","slug":"tool-norvik-naturaalne-must","status":"publish","type":"product","link":"https:\/\/www.nordi.ee\/en\/toode\/tool-norvik-naturaalne-must\/","title":{"rendered":"Tool NORVIK, naturaalne \/ must"},"content":{"rendered":"<p>m\u00f5\u00f5tmed: 41\/52\/86\/45 cm, materjal: pol\u00fcprop\u00fcleen, v\u00e4rv: looduslik \/ must<\/p>\n","protected":false},"excerpt":{"rendered":"<p>m\u00f5\u00f5tmed: 41\/52\/86\/45 cm, materjal: pol\u00fcprop\u00fcleen, v\u00e4rv: looduslik \/ must<\/p>\n","protected":false},"featured_media":14393,"comment_status":"closed","ping_status":"open","template":"","meta":{"_gspb_post_css":""},"product_brand":[],"product_cat":[167,180],"product_tag":[],"class_list":{"0":"post-29508","1":"product","2":"type-product","3":"status-publish","4":"has-post-thumbnail","6":"product_cat-soogituba","7":"product_cat-toolid","8":"pa_istmekorgus-362","9":"pa_kanga-tuup-istmel-kangast-ei-ole","10":"pa_kanga-varv-ilma-polstrita","11":"pa_korgus-1155","12":"pa_laius-1194","13":"pa_pakkide-arv-226","14":"pa_raami-materjal-polupropuleen","15":"pa_raami-tuup-sirged-jalad","16":"pa_raami-varv-must","17":"pa_stiil-boho","18":"pa_stiil-skandinaavia","19":"pa_sugavus-1322","20":"pa_tooli-materjal-polupropuleen","21":"pa_vahelaos-jah","22":"pa_varv-must","23":"pa_varv-puit","24":"pa_virnastatav-jah","26":"first","27":"instock","28":"sale","29":"purchasable","30":"product-type-simple"},"_links":{"self":[{"href":"https:\/\/www.nordi.ee\/en\/wp-json\/wp\/v2\/product\/29508","targetHints":{"allow":["GET"]}}],"collection":[{"href":"https:\/\/www.nordi.ee\/en\/wp-json\/wp\/v2\/product"}],"about":[{"href":"https:\/\/www.nordi.ee\/en\/wp-json\/wp\/v2\/types\/product"}],"replies":[{"embeddable":true,"href":"https:\/\/www.nordi.ee\/en\/wp-json\/wp\/v2\/comments?post=29508"}],"wp:featuredmedia":[{"embeddable":true,"href":"https:\/\/www.nordi.ee\/en\/wp-json\/wp\/v2\/media\/14393"}],"wp:attachment":[{"href":"https:\/\/www.nordi.ee\/en\/wp-json\/wp\/v2\/media?parent=29508"}],"wp:term":[{"taxonomy":"product_brand","embeddable":true,"href":"https:\/\/www.nordi.ee\/en\/wp-json\/wp\/v2\/product_brand?post=29508"},{"taxonomy":"product_cat","embeddable":true,"href":"https:\/\/www.nordi.ee\/en\/wp-json\/wp\/v2\/product_cat?post=29508"},{"taxonomy":"product_tag","embeddable":true,"href":"https:\/\/www.nordi.ee\/en\/wp-json\/wp\/v2\/product_tag?post=29508"}],"curies":[{"name":"wp","href":"https:\/\/api.w.org\/{rel}","templated":true}]}}