{"id":29094,"date":"2025-11-11T23:00:40","date_gmt":"2025-11-11T21:00:40","guid":{"rendered":"https:\/\/www.nordi.ee\/toode\/k430-tool-varv-beez-2\/"},"modified":"2026-04-13T05:10:04","modified_gmt":"2026-04-13T02:10:04","slug":"uverra-tool-varv-beez-2","status":"publish","type":"product","link":"https:\/\/www.nordi.ee\/en\/toode\/uverra-tool-varv-beez-2\/","title":{"rendered":"Tool UVERRA, bee\u017e"},"content":{"rendered":"<p>m\u00f5\u00f5tmed: 61\/54\/77\/48 cm, materjal: sametkangas \/ pulberv\u00e4rvitud teras, v\u00e4rv: bee\u017e HLR 7<\/p>\n","protected":false},"excerpt":{"rendered":"<p>m\u00f5\u00f5tmed: 61\/54\/77\/48 cm, materjal: sametkangas \/ pulberv\u00e4rvitud teras, v\u00e4rv: bee\u017e HLR 7<\/p>\n","protected":false},"featured_media":14119,"comment_status":"closed","ping_status":"closed","template":"","meta":{"_gspb_post_css":""},"product_brand":[],"product_cat":[167,180],"product_tag":[],"class_list":{"0":"post-29094","1":"product","2":"type-product","3":"status-publish","4":"has-post-thumbnail","6":"product_cat-soogituba","7":"product_cat-toolid","8":"pa_istmekorgus-759","9":"pa_kanga-tuup-sametkangas","10":"pa_kanga-varv-beez","11":"pa_korgus-505","12":"pa_laius-1259","13":"pa_pakkide-arv-226","14":"pa_raami-materjal-metall","15":"pa_raami-tuup-sirged-jalad","16":"pa_raami-varv-must","17":"pa_stiil-kaasaegne","18":"pa_sugavus-842","19":"pa_vahelaos-ei","20":"pa_varv-beez","21":"pa_varv-must","22":"pa_virnastatav-ei","24":"first","25":"instock","26":"sale","27":"purchasable","28":"product-type-simple"},"_links":{"self":[{"href":"https:\/\/www.nordi.ee\/en\/wp-json\/wp\/v2\/product\/29094","targetHints":{"allow":["GET"]}}],"collection":[{"href":"https:\/\/www.nordi.ee\/en\/wp-json\/wp\/v2\/product"}],"about":[{"href":"https:\/\/www.nordi.ee\/en\/wp-json\/wp\/v2\/types\/product"}],"replies":[{"embeddable":true,"href":"https:\/\/www.nordi.ee\/en\/wp-json\/wp\/v2\/comments?post=29094"}],"wp:featuredmedia":[{"embeddable":true,"href":"https:\/\/www.nordi.ee\/en\/wp-json\/wp\/v2\/media\/14119"}],"wp:attachment":[{"href":"https:\/\/www.nordi.ee\/en\/wp-json\/wp\/v2\/media?parent=29094"}],"wp:term":[{"taxonomy":"product_brand","embeddable":true,"href":"https:\/\/www.nordi.ee\/en\/wp-json\/wp\/v2\/product_brand?post=29094"},{"taxonomy":"product_cat","embeddable":true,"href":"https:\/\/www.nordi.ee\/en\/wp-json\/wp\/v2\/product_cat?post=29094"},{"taxonomy":"product_tag","embeddable":true,"href":"https:\/\/www.nordi.ee\/en\/wp-json\/wp\/v2\/product_tag?post=29094"}],"curies":[{"name":"wp","href":"https:\/\/api.w.org\/{rel}","templated":true}]}}