{"id":28879,"date":"2025-11-11T22:47:47","date_gmt":"2025-11-11T20:47:47","guid":{"rendered":"https:\/\/www.nordi.ee\/toode\/k396-tool-varv-pahklipuu-beez-2\/"},"modified":"2026-04-13T05:09:40","modified_gmt":"2026-04-13T02:09:40","slug":"selvano-tool-varv-pahklipuu-beez-2","status":"publish","type":"product","link":"https:\/\/www.nordi.ee\/en\/toode\/selvano-tool-varv-pahklipuu-beez-2\/","title":{"rendered":"Tool SELVANO, p\u00e4hklipuu \/ bee\u017e"},"content":{"rendered":"<p>m\u00f5\u00f5tmed: 56\/55\/77\/47 cm, materjal: painutatud vineer \/ riie BLUVEL 40 \/ tahke puit, v\u00e4rv: p\u00e4hkel \/ bee\u017e<\/p>\n","protected":false},"excerpt":{"rendered":"<p>m\u00f5\u00f5tmed: 56\/55\/77\/47 cm, materjal: painutatud vineer \/ riie BLUVEL 40 \/ tahke puit, v\u00e4rv: p\u00e4hkel \/ bee\u017e<\/p>\n","protected":false},"featured_media":13985,"comment_status":"closed","ping_status":"closed","template":"","meta":{"_gspb_post_css":""},"product_brand":[],"product_cat":[167,180],"product_tag":[],"class_list":{"0":"post-28879","1":"product","2":"type-product","3":"status-publish","4":"has-post-thumbnail","6":"product_cat-soogituba","7":"product_cat-toolid","8":"pa_istmekorgus-731","9":"pa_kanga-tuup-sametkangas","10":"pa_kanga-varv-beez","11":"pa_korgus-505","12":"pa_laius-517","13":"pa_pakkide-arv-226","14":"pa_raami-materjal-liimpuitvineer","15":"pa_raami-tuup-sirged-jalad","16":"pa_raami-varv-pahkel","17":"pa_stiil-klassikaline","18":"pa_stiil-modernne","19":"pa_sugavus-539","20":"pa_vahelaos-jah","21":"pa_varv-pahkel","22":"pa_varv-beez","23":"pa_virnastatav-ei","25":"first","26":"instock","27":"sale","28":"purchasable","29":"product-type-simple"},"_links":{"self":[{"href":"https:\/\/www.nordi.ee\/en\/wp-json\/wp\/v2\/product\/28879","targetHints":{"allow":["GET"]}}],"collection":[{"href":"https:\/\/www.nordi.ee\/en\/wp-json\/wp\/v2\/product"}],"about":[{"href":"https:\/\/www.nordi.ee\/en\/wp-json\/wp\/v2\/types\/product"}],"replies":[{"embeddable":true,"href":"https:\/\/www.nordi.ee\/en\/wp-json\/wp\/v2\/comments?post=28879"}],"wp:featuredmedia":[{"embeddable":true,"href":"https:\/\/www.nordi.ee\/en\/wp-json\/wp\/v2\/media\/13985"}],"wp:attachment":[{"href":"https:\/\/www.nordi.ee\/en\/wp-json\/wp\/v2\/media?parent=28879"}],"wp:term":[{"taxonomy":"product_brand","embeddable":true,"href":"https:\/\/www.nordi.ee\/en\/wp-json\/wp\/v2\/product_brand?post=28879"},{"taxonomy":"product_cat","embeddable":true,"href":"https:\/\/www.nordi.ee\/en\/wp-json\/wp\/v2\/product_cat?post=28879"},{"taxonomy":"product_tag","embeddable":true,"href":"https:\/\/www.nordi.ee\/en\/wp-json\/wp\/v2\/product_tag?post=28879"}],"curies":[{"name":"wp","href":"https:\/\/api.w.org\/{rel}","templated":true}]}}