{"id":28521,"date":"2025-11-11T22:32:09","date_gmt":"2025-11-11T20:32:09","guid":{"rendered":"https:\/\/www.nordi.ee\/toode\/tool-kavor-beez\/"},"modified":"2026-04-13T05:09:19","modified_gmt":"2026-04-13T02:09:19","slug":"tool-kavor-beez","status":"publish","type":"product","link":"https:\/\/www.nordi.ee\/en\/toode\/tool-kavor-beez\/","title":{"rendered":"Tool KAVOR, bee\u017e"},"content":{"rendered":"<p>m\u00f5\u00f5tmed: 58\/55\/84\/48 cm, materjal: kangas \/ pulberv\u00e4rvitud teras, v\u00e4rv: heledhall<\/p>\n","protected":false},"excerpt":{"rendered":"<p>m\u00f5\u00f5tmed: 58\/55\/84\/48 cm, materjal: kangas \/ pulberv\u00e4rvitud teras, v\u00e4rv: heledhall<\/p>\n","protected":false},"featured_media":13841,"comment_status":"closed","ping_status":"open","template":"","meta":{"_gspb_post_css":""},"product_brand":[],"product_cat":[167,180],"product_tag":[],"class_list":{"0":"post-28521","1":"product","2":"type-product","3":"status-publish","4":"has-post-thumbnail","6":"product_cat-soogituba","7":"product_cat-toolid","8":"pa_vahelaos-ei","10":"first","11":"instock","12":"sale","13":"purchasable","14":"product-type-simple"},"_links":{"self":[{"href":"https:\/\/www.nordi.ee\/en\/wp-json\/wp\/v2\/product\/28521","targetHints":{"allow":["GET"]}}],"collection":[{"href":"https:\/\/www.nordi.ee\/en\/wp-json\/wp\/v2\/product"}],"about":[{"href":"https:\/\/www.nordi.ee\/en\/wp-json\/wp\/v2\/types\/product"}],"replies":[{"embeddable":true,"href":"https:\/\/www.nordi.ee\/en\/wp-json\/wp\/v2\/comments?post=28521"}],"wp:featuredmedia":[{"embeddable":true,"href":"https:\/\/www.nordi.ee\/en\/wp-json\/wp\/v2\/media\/13841"}],"wp:attachment":[{"href":"https:\/\/www.nordi.ee\/en\/wp-json\/wp\/v2\/media?parent=28521"}],"wp:term":[{"taxonomy":"product_brand","embeddable":true,"href":"https:\/\/www.nordi.ee\/en\/wp-json\/wp\/v2\/product_brand?post=28521"},{"taxonomy":"product_cat","embeddable":true,"href":"https:\/\/www.nordi.ee\/en\/wp-json\/wp\/v2\/product_cat?post=28521"},{"taxonomy":"product_tag","embeddable":true,"href":"https:\/\/www.nordi.ee\/en\/wp-json\/wp\/v2\/product_tag?post=28521"}],"curies":[{"name":"wp","href":"https:\/\/api.w.org\/{rel}","templated":true}]}}