{"id":28327,"date":"2025-11-11T22:23:44","date_gmt":"2025-11-11T20:23:44","guid":{"rendered":"https:\/\/www.nordi.ee\/toode\/k287-tool-varv-beez-2\/"},"modified":"2026-04-15T05:05:03","modified_gmt":"2026-04-15T02:05:03","slug":"evion-tool-varv-beez-2","status":"publish","type":"product","link":"https:\/\/www.nordi.ee\/en\/toode\/evion-tool-varv-beez-2\/","title":{"rendered":"Tool EVION, bee\u017e"},"content":{"rendered":"<p>m\u00f5\u00f5tmed: 58\/61\/85\/50 cm, materjal: eco nahk \/ v\u00e4rvitud teras, v\u00e4rv: bee\u017e<\/p>\n","protected":false},"excerpt":{"rendered":"<p>m\u00f5\u00f5tmed: 58\/61\/85\/50 cm, materjal: eco nahk \/ v\u00e4rvitud teras, v\u00e4rv: bee\u017e<\/p>\n","protected":false},"featured_media":13707,"comment_status":"closed","ping_status":"closed","template":"","meta":{"_gspb_post_css":""},"product_brand":[],"product_cat":[167,180],"product_tag":[],"class_list":{"0":"post-28327","1":"product","2":"type-product","3":"status-publish","4":"has-post-thumbnail","6":"product_cat-soogituba","7":"product_cat-toolid","8":"pa_istmekorgus-334","9":"pa_kanga-tuup-sametkangas","10":"pa_kanga-varv-beez","11":"pa_korgus-742","12":"pa_laius-777","13":"pa_pakkide-arv-226","14":"pa_raami-materjal-metall","15":"pa_raami-tuup-sirged-jalad","16":"pa_raami-varv-pook","17":"pa_stiil-skandinaavia","18":"pa_stiil-traditsiooniline","19":"pa_sugavus-1255","20":"pa_vahelaos-jah","21":"pa_varv-beez","22":"pa_varv-pook","23":"pa_virnastatav-ei","25":"first","26":"instock","27":"sale","28":"purchasable","29":"product-type-simple"},"_links":{"self":[{"href":"https:\/\/www.nordi.ee\/en\/wp-json\/wp\/v2\/product\/28327","targetHints":{"allow":["GET"]}}],"collection":[{"href":"https:\/\/www.nordi.ee\/en\/wp-json\/wp\/v2\/product"}],"about":[{"href":"https:\/\/www.nordi.ee\/en\/wp-json\/wp\/v2\/types\/product"}],"replies":[{"embeddable":true,"href":"https:\/\/www.nordi.ee\/en\/wp-json\/wp\/v2\/comments?post=28327"}],"wp:featuredmedia":[{"embeddable":true,"href":"https:\/\/www.nordi.ee\/en\/wp-json\/wp\/v2\/media\/13707"}],"wp:attachment":[{"href":"https:\/\/www.nordi.ee\/en\/wp-json\/wp\/v2\/media?parent=28327"}],"wp:term":[{"taxonomy":"product_brand","embeddable":true,"href":"https:\/\/www.nordi.ee\/en\/wp-json\/wp\/v2\/product_brand?post=28327"},{"taxonomy":"product_cat","embeddable":true,"href":"https:\/\/www.nordi.ee\/en\/wp-json\/wp\/v2\/product_cat?post=28327"},{"taxonomy":"product_tag","embeddable":true,"href":"https:\/\/www.nordi.ee\/en\/wp-json\/wp\/v2\/product_tag?post=28327"}],"curies":[{"name":"wp","href":"https:\/\/api.w.org\/{rel}","templated":true}]}}