{"id":28288,"date":"2025-11-11T22:21:13","date_gmt":"2025-11-11T20:21:13","guid":{"rendered":"https:\/\/www.nordi.ee\/toode\/k282-tool-varv-beez-2\/"},"modified":"2026-04-13T05:08:46","modified_gmt":"2026-04-13T02:08:46","slug":"gravio-tool-varv-beez-2","status":"publish","type":"product","link":"https:\/\/www.nordi.ee\/en\/toode\/gravio-tool-varv-beez-2\/","title":{"rendered":"Tool Gravio, bee\u017e"},"content":{"rendered":"<p>m\u00f5\u00f5tmed: 56\/44\/93\/48 cm, materjal: kangas \/ massiivne puit, v\u00e4rv: bee\u017e<\/p>\n","protected":false},"excerpt":{"rendered":"<p>m\u00f5\u00f5tmed: 56\/44\/93\/48 cm, materjal: kangas \/ massiivne puit, v\u00e4rv: bee\u017e<\/p>\n","protected":false},"featured_media":13684,"comment_status":"closed","ping_status":"closed","template":"","meta":{"_gspb_post_css":""},"product_brand":[],"product_cat":[167,180],"product_tag":[],"class_list":{"0":"post-28288","1":"product","2":"type-product","3":"status-publish","4":"has-post-thumbnail","6":"product_cat-soogituba","7":"product_cat-toolid","8":"pa_istmekorgus-759","9":"pa_kanga-tuup-kangas","10":"pa_kanga-varv-beez","11":"pa_korgus-464","12":"pa_laius-517","13":"pa_pakkide-arv-226","14":"pa_raami-materjal-puit","15":"pa_raami-tuup-sirged-jalad","16":"pa_raami-varv-pook","17":"pa_stiil-skandinaavia","18":"pa_sugavus-1377","19":"pa_vahelaos-ei","20":"pa_varv-pook","21":"pa_varv-beez","22":"pa_virnastatav-ei","24":"first","25":"instock","26":"sale","27":"purchasable","28":"product-type-simple"},"_links":{"self":[{"href":"https:\/\/www.nordi.ee\/en\/wp-json\/wp\/v2\/product\/28288","targetHints":{"allow":["GET"]}}],"collection":[{"href":"https:\/\/www.nordi.ee\/en\/wp-json\/wp\/v2\/product"}],"about":[{"href":"https:\/\/www.nordi.ee\/en\/wp-json\/wp\/v2\/types\/product"}],"replies":[{"embeddable":true,"href":"https:\/\/www.nordi.ee\/en\/wp-json\/wp\/v2\/comments?post=28288"}],"wp:featuredmedia":[{"embeddable":true,"href":"https:\/\/www.nordi.ee\/en\/wp-json\/wp\/v2\/media\/13684"}],"wp:attachment":[{"href":"https:\/\/www.nordi.ee\/en\/wp-json\/wp\/v2\/media?parent=28288"}],"wp:term":[{"taxonomy":"product_brand","embeddable":true,"href":"https:\/\/www.nordi.ee\/en\/wp-json\/wp\/v2\/product_brand?post=28288"},{"taxonomy":"product_cat","embeddable":true,"href":"https:\/\/www.nordi.ee\/en\/wp-json\/wp\/v2\/product_cat?post=28288"},{"taxonomy":"product_tag","embeddable":true,"href":"https:\/\/www.nordi.ee\/en\/wp-json\/wp\/v2\/product_tag?post=28288"}],"curies":[{"name":"wp","href":"https:\/\/api.w.org\/{rel}","templated":true}]}}